{"id":12217,"date":"2020-12-04T10:49:21","date_gmt":"2020-12-04T15:49:21","guid":{"rendered":"https:\/\/www.dacimasoftware.com\/produits\/ecoa\/"},"modified":"2023-03-20T11:48:11","modified_gmt":"2023-03-20T15:48:11","slug":"ecoa","status":"publish","type":"page","link":"https:\/\/www.dacimasoftware.com\/fr\/produits\/ecoa\/","title":{"rendered":"eCOA"},"content":{"rendered":"\t\t<div data-elementor-type=\"wp-page\" data-elementor-id=\"12217\" class=\"elementor elementor-12217 elementor-8075\" data-elementor-post-type=\"page\">\n\t\t\t\t\t\t<section class=\"elementor-section elementor-top-section elementor-element elementor-element-808b008 elementor-section-boxed elementor-section-height-default elementor-section-height-default\" data-id=\"808b008\" data-element_type=\"section\">\n\t\t\t\t\t\t<div class=\"elementor-container elementor-column-gap-default\">\n\t\t\t\t\t<div class=\"elementor-column elementor-col-66 elementor-top-column elementor-element elementor-element-d6c1b6e\" data-id=\"d6c1b6e\" data-element_type=\"column\">\n\t\t\t<div class=\"elementor-widget-wrap elementor-element-populated\">\n\t\t\t\t\t\t<div class=\"elementor-element elementor-element-6c4bbc7 elementor-widget elementor-widget-image\" data-id=\"6c4bbc7\" data-element_type=\"widget\" data-widget_type=\"image.default\">\n\t\t\t\t<div class=\"elementor-widget-container\">\n\t\t\t\t\t\t\t\t\t\t\t\t\t\t\t<img decoding=\"async\" src=\"https:\/\/www.dacimasoftware.com\/wordpress\/wp-content\/uploads\/elementor\/thumbs\/Products_eCOA_Electronic_Clinical_Outcome_Assessment1-qdzd3dtrhwpwu5l4yjud9hafoxdugw4l7pmdp3x6qk.png\" title=\"Products_eCOA_Electronic_Clinical_Outcome_Assessment1\" alt=\"Products_eCOA_Electronic_Clinical_Outcome_Assessment1\" loading=\"lazy\" \/>\t\t\t\t\t\t\t\t\t\t\t\t\t\t\t<\/div>\n\t\t\t\t<\/div>\n\t\t\t\t<div class=\"elementor-element elementor-element-9fbcd24 elementor-widget elementor-widget-spacer\" data-id=\"9fbcd24\" data-element_type=\"widget\" data-widget_type=\"spacer.default\">\n\t\t\t\t<div class=\"elementor-widget-container\">\n\t\t\t\t\t\t\t<div class=\"elementor-spacer\">\n\t\t\t<div class=\"elementor-spacer-inner\"><\/div>\n\t\t<\/div>\n\t\t\t\t\t\t<\/div>\n\t\t\t\t<\/div>\n\t\t\t\t<div class=\"elementor-element elementor-element-27ebd1a elementor-widget elementor-widget-heading\" data-id=\"27ebd1a\" data-element_type=\"widget\" data-widget_type=\"heading.default\">\n\t\t\t\t<div class=\"elementor-widget-container\">\n\t\t\t\t\t<h1 class=\"elementor-heading-title elementor-size-default\">DES MEILLEURES DONN\u00c9ES, PLUS RAPIDES ET PLUS FIABLES<span style=\"color: var( --e-global-color-73f4aee );\"><\/span><br><\/h1>\t\t\t\t<\/div>\n\t\t\t\t<\/div>\n\t\t\t\t<div class=\"elementor-element elementor-element-a000963 elementor-widget elementor-widget-spacer\" data-id=\"a000963\" data-element_type=\"widget\" data-widget_type=\"spacer.default\">\n\t\t\t\t<div class=\"elementor-widget-container\">\n\t\t\t\t\t\t\t<div class=\"elementor-spacer\">\n\t\t\t<div class=\"elementor-spacer-inner\"><\/div>\n\t\t<\/div>\n\t\t\t\t\t\t<\/div>\n\t\t\t\t<\/div>\n\t\t\t\t<div class=\"elementor-element elementor-element-0cd9622 elementor-widget elementor-widget-text-editor\" data-id=\"0cd9622\" data-element_type=\"widget\" data-widget_type=\"text-editor.default\">\n\t\t\t\t<div class=\"elementor-widget-container\">\n\t\t\t\t\t\t\t\t\t<p>L&rsquo;\u00e9valuation \u00e9lectronique des r\u00e9sultats cliniques (eCOA) de Dacima permet aux cliniciens de saisir des donn\u00e9es num\u00e9riques sans avoir \u00e0 transcrire les donn\u00e9es cliniques \u00e0 partir de formulaires et de dossiers papier. Notre solution peut \u00eatre utilis\u00e9e de mani\u00e8re ind\u00e9pendante car elle est s\u00e9par\u00e9e de toute technologie clinique sp\u00e9cifique telle que les syst\u00e8mes CD\u00c9, mais elle peut \u00e9galement \u00eatre int\u00e9gr\u00e9e dans n&rsquo;importe quel logiciel clinique existant.<\/p>\t\t\t\t\t\t\t\t<\/div>\n\t\t\t\t<\/div>\n\t\t\t\t<div class=\"elementor-element elementor-element-e6fddaa elementor-widget elementor-widget-spacer\" data-id=\"e6fddaa\" data-element_type=\"widget\" data-widget_type=\"spacer.default\">\n\t\t\t\t<div class=\"elementor-widget-container\">\n\t\t\t\t\t\t\t<div class=\"elementor-spacer\">\n\t\t\t<div class=\"elementor-spacer-inner\"><\/div>\n\t\t<\/div>\n\t\t\t\t\t\t<\/div>\n\t\t\t\t<\/div>\n\t\t\t\t\t<\/div>\n\t\t<\/div>\n\t\t\t\t<div class=\"elementor-column elementor-col-33 elementor-top-column elementor-element elementor-element-3c25c5a\" data-id=\"3c25c5a\" data-element_type=\"column\">\n\t\t\t<div class=\"elementor-widget-wrap elementor-element-populated\">\n\t\t\t\t\t\t<div class=\"elementor-element elementor-element-9104729 elementor-widget elementor-widget-spacer\" data-id=\"9104729\" data-element_type=\"widget\" data-widget_type=\"spacer.default\">\n\t\t\t\t<div class=\"elementor-widget-container\">\n\t\t\t\t\t\t\t<div class=\"elementor-spacer\">\n\t\t\t<div class=\"elementor-spacer-inner\"><\/div>\n\t\t<\/div>\n\t\t\t\t\t\t<\/div>\n\t\t\t\t<\/div>\n\t\t\t\t<div class=\"elementor-element elementor-element-d87104e elementor-widget elementor-widget-image\" data-id=\"d87104e\" data-element_type=\"widget\" data-widget_type=\"image.default\">\n\t\t\t\t<div class=\"elementor-widget-container\">\n\t\t\t\t\t\t\t\t\t\t\t\t\t\t\t<img fetchpriority=\"high\" decoding=\"async\" width=\"597\" height=\"597\" src=\"https:\/\/www.dacimasoftware.com\/wordpress\/wp-content\/uploads\/2020\/12\/data-entry3b.png\" class=\"attachment-full size-full wp-image-8079\" alt=\"\" srcset=\"https:\/\/www.dacimasoftware.com\/wordpress\/wp-content\/uploads\/2020\/12\/data-entry3b.png 597w, https:\/\/www.dacimasoftware.com\/wordpress\/wp-content\/uploads\/2020\/12\/data-entry3b-300x300.png 300w, https:\/\/www.dacimasoftware.com\/wordpress\/wp-content\/uploads\/2020\/12\/data-entry3b-150x150.png 150w, https:\/\/www.dacimasoftware.com\/wordpress\/wp-content\/uploads\/2020\/12\/data-entry3b-47x47.png 47w, https:\/\/www.dacimasoftware.com\/wordpress\/wp-content\/uploads\/2020\/12\/data-entry3b-400x400.png 400w\" sizes=\"(max-width: 597px) 100vw, 597px\" \/>\t\t\t\t\t\t\t\t\t\t\t\t\t\t\t<\/div>\n\t\t\t\t<\/div>\n\t\t\t\t<div class=\"elementor-element elementor-element-87856b9 elementor-widget elementor-widget-spacer\" data-id=\"87856b9\" data-element_type=\"widget\" data-widget_type=\"spacer.default\">\n\t\t\t\t<div class=\"elementor-widget-container\">\n\t\t\t\t\t\t\t<div class=\"elementor-spacer\">\n\t\t\t<div class=\"elementor-spacer-inner\"><\/div>\n\t\t<\/div>\n\t\t\t\t\t\t<\/div>\n\t\t\t\t<\/div>\n\t\t\t\t\t<\/div>\n\t\t<\/div>\n\t\t\t\t\t<\/div>\n\t\t<\/section>\n\t\t\t\t<section class=\"elementor-section elementor-top-section elementor-element elementor-element-75aa8a6 elementor-section-boxed elementor-section-height-default elementor-section-height-default\" data-id=\"75aa8a6\" data-element_type=\"section\">\n\t\t\t\t\t\t<div class=\"elementor-container elementor-column-gap-default\">\n\t\t\t\t\t<div class=\"elementor-column elementor-col-100 elementor-top-column elementor-element elementor-element-ce77e7e\" data-id=\"ce77e7e\" data-element_type=\"column\">\n\t\t\t<div class=\"elementor-widget-wrap elementor-element-populated\">\n\t\t\t\t\t\t<div class=\"elementor-element elementor-element-0b04576 elementor-widget elementor-widget-text-editor\" data-id=\"0b04576\" data-element_type=\"widget\" data-widget_type=\"text-editor.default\">\n\t\t\t\t<div class=\"elementor-widget-container\">\n\t\t\t\t\t\t\t\t\t<p>Le module eCOA de Dacima a \u00e9t\u00e9 cr\u00e9\u00e9 pour collecter toutes les donn\u00e9es de r\u00e9sultats signal\u00e9es de mani\u00e8re simplifi\u00e9e, efficace et conforme aux r\u00e9clamations.<\/p><p>Le module eSource permet la conception et la configuration des formulaires eCOA pour r\u00e9pondre aux exigences sp\u00e9cifiques de votre protocole d&rsquo;\u00e9tude via le module Conception pour une configuration et une mise en \u0153uvre rapides. Les formulaires eCOA sont con\u00e7us pour imiter les documents papier, ou, gr\u00e2ce \u00e0 des options de conception avanc\u00e9es, configur\u00e9s avec des images tactiles, un ordre logique et des options de v\u00e9rification, pour une saisie de donn\u00e9es visuellement interactive et intuitive. Le module permet aux cliniciens de saisir des donn\u00e9es \u00e0 partir de leur ordinateur, leur tablette ou leur t\u00e9l\u00e9phone intelligent via un navigateur internet sans avoir \u00e0 installer de logiciel additionel. Notre syst\u00e8me d\u00e9tecte automatiquement l&rsquo;appareil et ajuste l&rsquo;affichage en fonction du type et de la taille de l&rsquo;appareil.<\/p><p>Le module eCOA de Dacima optimise l&rsquo;efficacit\u00e9 et la qualit\u00e9 des donn\u00e9es. La technologie conviviale est id\u00e9ale pour les utilisateurs de tout niveau d&rsquo;exp\u00e9rience en recherche et guide l&rsquo;ex\u00e9cution du protocole tout en validant automatiquement les donn\u00e9es lors de leur saisie.<\/p>\t\t\t\t\t\t\t\t<\/div>\n\t\t\t\t<\/div>\n\t\t\t\t<div class=\"elementor-element elementor-element-8b0832d elementor-view-default elementor-widget elementor-widget-icon\" data-id=\"8b0832d\" data-element_type=\"widget\" data-widget_type=\"icon.default\">\n\t\t\t\t<div class=\"elementor-widget-container\">\n\t\t\t\t\t\t\t<div class=\"elementor-icon-wrapper\">\n\t\t\t<div class=\"elementor-icon\">\n\t\t\t<i aria-hidden=\"true\" class=\"fas fa-check-double\"><\/i>\t\t\t<\/div>\n\t\t<\/div>\n\t\t\t\t\t\t<\/div>\n\t\t\t\t<\/div>\n\t\t\t\t<div class=\"elementor-element elementor-element-1fb361d elementor-widget elementor-widget-text-editor\" data-id=\"1fb361d\" data-element_type=\"widget\" data-widget_type=\"text-editor.default\">\n\t\t\t\t<div class=\"elementor-widget-container\">\n\t\t\t\t\t\t\t\t\t<p><strong>Avantages :<\/strong><\/p><ul><li>Emp\u00eache les donn\u00e9es incoh\u00e9rentes ou conflictuelles<\/li><li>\u00c9limine les erreurs de transcription<\/li><li>R\u00e9pond aux normes r\u00e9glementaires mondiales<\/li><\/ul>\t\t\t\t\t\t\t\t<\/div>\n\t\t\t\t<\/div>\n\t\t\t\t<div class=\"elementor-element elementor-element-d275566 elementor-widget elementor-widget-spacer\" data-id=\"d275566\" data-element_type=\"widget\" data-widget_type=\"spacer.default\">\n\t\t\t\t<div class=\"elementor-widget-container\">\n\t\t\t\t\t\t\t<div class=\"elementor-spacer\">\n\t\t\t<div class=\"elementor-spacer-inner\"><\/div>\n\t\t<\/div>\n\t\t\t\t\t\t<\/div>\n\t\t\t\t<\/div>\n\t\t\t\t<div class=\"elementor-element elementor-element-6a542d4 elementor-widget elementor-widget-button\" data-id=\"6a542d4\" data-element_type=\"widget\" data-widget_type=\"button.default\">\n\t\t\t\t<div class=\"elementor-widget-container\">\n\t\t\t\t\t\t\t\t\t<div class=\"elementor-button-wrapper\">\n\t\t\t\t\t<a class=\"elementor-button elementor-button-link elementor-size-sm\" href=\"https:\/\/www.evidentiq.com\/products\/electronic-clinical-outcome-assessment\/\">\n\t\t\t\t\t\t<span class=\"elementor-button-content-wrapper\">\n\t\t\t\t\t\t\t\t\t<span class=\"elementor-button-text\">Plus de fonctionnalit\u00e9s<\/span>\n\t\t\t\t\t<\/span>\n\t\t\t\t\t<\/a>\n\t\t\t\t<\/div>\n\t\t\t\t\t\t\t\t<\/div>\n\t\t\t\t<\/div>\n\t\t\t\t\t<\/div>\n\t\t<\/div>\n\t\t\t\t\t<\/div>\n\t\t<\/section>\n\t\t\t\t<\/div>\n\t\t","protected":false},"excerpt":{"rendered":"<p>DES MEILLEURES DONN\u00c9ES, PLUS RAPIDES ET PLUS FIABLES L&rsquo;\u00e9valuation \u00e9lectronique des r\u00e9sultats cliniques (eCOA) de Dacima permet aux cliniciens de saisir des donn\u00e9es num\u00e9riques sans avoir \u00e0 transcrire les donn\u00e9es cliniques \u00e0 partir de formulaires et de dossiers papier. Notre solution peut \u00eatre utilis\u00e9e de mani\u00e8re ind\u00e9pendante car elle est s\u00e9par\u00e9e de toute technologie clinique&#8230; <\/p>\n<div class=\"clear\"><\/div>\n<p><a href=\"https:\/\/www.dacimasoftware.com\/fr\/produits\/ecoa\/\" class=\"excerpt-read-more\">Read More<\/a><\/p>\n","protected":false},"author":1,"featured_media":0,"parent":4514,"menu_order":0,"comment_status":"closed","ping_status":"closed","template":"","meta":{"inline_featured_image":false,"footnotes":""},"class_list":["post-12217","page","type-page","status-publish","hentry"],"aioseo_notices":[],"_links":{"self":[{"href":"https:\/\/www.dacimasoftware.com\/fr\/wp-json\/wp\/v2\/pages\/12217","targetHints":{"allow":["GET"]}}],"collection":[{"href":"https:\/\/www.dacimasoftware.com\/fr\/wp-json\/wp\/v2\/pages"}],"about":[{"href":"https:\/\/www.dacimasoftware.com\/fr\/wp-json\/wp\/v2\/types\/page"}],"author":[{"embeddable":true,"href":"https:\/\/www.dacimasoftware.com\/fr\/wp-json\/wp\/v2\/users\/1"}],"replies":[{"embeddable":true,"href":"https:\/\/www.dacimasoftware.com\/fr\/wp-json\/wp\/v2\/comments?post=12217"}],"version-history":[{"count":12,"href":"https:\/\/www.dacimasoftware.com\/fr\/wp-json\/wp\/v2\/pages\/12217\/revisions"}],"predecessor-version":[{"id":12503,"href":"https:\/\/www.dacimasoftware.com\/fr\/wp-json\/wp\/v2\/pages\/12217\/revisions\/12503"}],"up":[{"embeddable":true,"href":"https:\/\/www.dacimasoftware.com\/fr\/wp-json\/wp\/v2\/pages\/4514"}],"wp:attachment":[{"href":"https:\/\/www.dacimasoftware.com\/fr\/wp-json\/wp\/v2\/media?parent=12217"}],"curies":[{"name":"wp","href":"https:\/\/api.w.org\/{rel}","templated":true}]}}