{"id":12269,"date":"2019-09-25T14:20:50","date_gmt":"2019-09-25T18:20:50","guid":{"rendered":"https:\/\/www.dacimasoftware.com\/produits\/visit-scheduler\/"},"modified":"2023-03-20T11:24:52","modified_gmt":"2023-03-20T15:24:52","slug":"programmation","status":"publish","type":"page","link":"https:\/\/www.dacimasoftware.com\/fr\/produits\/programmation\/","title":{"rendered":"Programmation"},"content":{"rendered":"\t\t<div data-elementor-type=\"wp-page\" data-elementor-id=\"12269\" class=\"elementor elementor-12269 elementor-7021\" data-elementor-post-type=\"page\">\n\t\t\t\t\t\t<section class=\"elementor-section elementor-top-section elementor-element elementor-element-c56ce80 elementor-section-boxed elementor-section-height-default elementor-section-height-default\" data-id=\"c56ce80\" data-element_type=\"section\">\n\t\t\t\t\t\t<div class=\"elementor-container elementor-column-gap-default\">\n\t\t\t\t\t<div class=\"elementor-column elementor-col-66 elementor-top-column elementor-element elementor-element-ec96ab7\" data-id=\"ec96ab7\" data-element_type=\"column\">\n\t\t\t<div class=\"elementor-widget-wrap elementor-element-populated\">\n\t\t\t\t\t\t<div class=\"elementor-element elementor-element-7da14e7 elementor-widget elementor-widget-spacer\" data-id=\"7da14e7\" data-element_type=\"widget\" data-widget_type=\"spacer.default\">\n\t\t\t\t<div class=\"elementor-widget-container\">\n\t\t\t\t\t\t\t<div class=\"elementor-spacer\">\n\t\t\t<div class=\"elementor-spacer-inner\"><\/div>\n\t\t<\/div>\n\t\t\t\t\t\t<\/div>\n\t\t\t\t<\/div>\n\t\t\t\t<div class=\"elementor-element elementor-element-5fe9751 elementor-widget elementor-widget-heading\" data-id=\"5fe9751\" data-element_type=\"widget\" data-widget_type=\"heading.default\">\n\t\t\t\t<div class=\"elementor-widget-container\">\n\t\t\t\t\t<h1 class=\"elementor-heading-title elementor-size-default\">PROGRAMMATION<\/h1>\t\t\t\t<\/div>\n\t\t\t\t<\/div>\n\t\t\t\t<div class=\"elementor-element elementor-element-98ad877 elementor-widget elementor-widget-spacer\" data-id=\"98ad877\" data-element_type=\"widget\" data-widget_type=\"spacer.default\">\n\t\t\t\t<div class=\"elementor-widget-container\">\n\t\t\t\t\t\t\t<div class=\"elementor-spacer\">\n\t\t\t<div class=\"elementor-spacer-inner\"><\/div>\n\t\t<\/div>\n\t\t\t\t\t\t<\/div>\n\t\t\t\t<\/div>\n\t\t\t\t<div class=\"elementor-element elementor-element-209ce1c elementor-widget elementor-widget-text-editor\" data-id=\"209ce1c\" data-element_type=\"widget\" data-widget_type=\"text-editor.default\">\n\t\t\t\t<div class=\"elementor-widget-container\">\n\t\t\t\t\t\t\t\t\t<p>Le module de Programmation\u00a0<span style=\"background-color: #f2f2f2; color: var( --e-global-color-text );\">des visites\u00a0<\/span><span style=\"color: var( --e-global-color-text );\">prend en charge la planification automatique des visites de suivi de vos sujets.<\/span><\/p>\t\t\t\t\t\t\t\t<\/div>\n\t\t\t\t<\/div>\n\t\t\t\t\t<\/div>\n\t\t<\/div>\n\t\t\t\t<div class=\"elementor-column elementor-col-33 elementor-top-column elementor-element elementor-element-2aa8d12\" data-id=\"2aa8d12\" data-element_type=\"column\">\n\t\t\t<div class=\"elementor-widget-wrap elementor-element-populated\">\n\t\t\t\t\t\t<div class=\"elementor-element elementor-element-77ad4af elementor-widget elementor-widget-spacer\" data-id=\"77ad4af\" data-element_type=\"widget\" data-widget_type=\"spacer.default\">\n\t\t\t\t<div class=\"elementor-widget-container\">\n\t\t\t\t\t\t\t<div class=\"elementor-spacer\">\n\t\t\t<div class=\"elementor-spacer-inner\"><\/div>\n\t\t<\/div>\n\t\t\t\t\t\t<\/div>\n\t\t\t\t<\/div>\n\t\t\t\t<div class=\"elementor-element elementor-element-334c18d elementor-widget elementor-widget-image\" data-id=\"334c18d\" data-element_type=\"widget\" data-widget_type=\"image.default\">\n\t\t\t\t<div class=\"elementor-widget-container\">\n\t\t\t\t\t\t\t\t\t\t\t\t\t\t\t<img fetchpriority=\"high\" decoding=\"async\" width=\"690\" height=\"460\" src=\"https:\/\/www.dacimasoftware.com\/wordpress\/wp-content\/uploads\/2019\/10\/dacima-scheduler-690x460.png\" class=\"attachment-large size-large wp-image-7128\" alt=\"\" srcset=\"https:\/\/www.dacimasoftware.com\/wordpress\/wp-content\/uploads\/2019\/10\/dacima-scheduler-690x460.png 690w, https:\/\/www.dacimasoftware.com\/wordpress\/wp-content\/uploads\/2019\/10\/dacima-scheduler-300x200.png 300w, https:\/\/www.dacimasoftware.com\/wordpress\/wp-content\/uploads\/2019\/10\/dacima-scheduler-71x47.png 71w, https:\/\/www.dacimasoftware.com\/wordpress\/wp-content\/uploads\/2019\/10\/dacima-scheduler.png 800w\" sizes=\"(max-width: 690px) 100vw, 690px\" \/>\t\t\t\t\t\t\t\t\t\t\t\t\t\t\t<\/div>\n\t\t\t\t<\/div>\n\t\t\t\t\t<\/div>\n\t\t<\/div>\n\t\t\t\t\t<\/div>\n\t\t<\/section>\n\t\t\t\t<section class=\"elementor-section elementor-top-section elementor-element elementor-element-84eb00a elementor-section-boxed elementor-section-height-default elementor-section-height-default\" data-id=\"84eb00a\" data-element_type=\"section\">\n\t\t\t\t\t\t<div class=\"elementor-container elementor-column-gap-default\">\n\t\t\t\t\t<div class=\"elementor-column elementor-col-100 elementor-top-column elementor-element elementor-element-4e1ec65\" data-id=\"4e1ec65\" data-element_type=\"column\">\n\t\t\t<div class=\"elementor-widget-wrap elementor-element-populated\">\n\t\t\t\t\t\t<div class=\"elementor-element elementor-element-e983921 elementor-widget elementor-widget-spacer\" data-id=\"e983921\" data-element_type=\"widget\" data-widget_type=\"spacer.default\">\n\t\t\t\t<div class=\"elementor-widget-container\">\n\t\t\t\t\t\t\t<div class=\"elementor-spacer\">\n\t\t\t<div class=\"elementor-spacer-inner\"><\/div>\n\t\t<\/div>\n\t\t\t\t\t\t<\/div>\n\t\t\t\t<\/div>\n\t\t\t\t<div class=\"elementor-element elementor-element-c3d7091 elementor-view-default elementor-widget elementor-widget-icon\" data-id=\"c3d7091\" data-element_type=\"widget\" data-widget_type=\"icon.default\">\n\t\t\t\t<div class=\"elementor-widget-container\">\n\t\t\t\t\t\t\t<div class=\"elementor-icon-wrapper\">\n\t\t\t<div class=\"elementor-icon\">\n\t\t\t<i aria-hidden=\"true\" class=\"fas fa-tasks\"><\/i>\t\t\t<\/div>\n\t\t<\/div>\n\t\t\t\t\t\t<\/div>\n\t\t\t\t<\/div>\n\t\t\t\t<div class=\"elementor-element elementor-element-107a29e elementor-widget elementor-widget-heading\" data-id=\"107a29e\" data-element_type=\"widget\" data-widget_type=\"heading.default\">\n\t\t\t\t<div class=\"elementor-widget-container\">\n\t\t\t\t\t<h2 class=\"elementor-heading-title elementor-size-default\">FONCTIONNALIT\u00c9S<\/h2>\t\t\t\t<\/div>\n\t\t\t\t<\/div>\n\t\t\t\t<div class=\"elementor-element elementor-element-793f2d8 elementor-widget elementor-widget-spacer\" data-id=\"793f2d8\" data-element_type=\"widget\" data-widget_type=\"spacer.default\">\n\t\t\t\t<div class=\"elementor-widget-container\">\n\t\t\t\t\t\t\t<div class=\"elementor-spacer\">\n\t\t\t<div class=\"elementor-spacer-inner\"><\/div>\n\t\t<\/div>\n\t\t\t\t\t\t<\/div>\n\t\t\t\t<\/div>\n\t\t\t\t<section class=\"elementor-section elementor-inner-section elementor-element elementor-element-dcc4142 elementor-section-boxed elementor-section-height-default elementor-section-height-default\" data-id=\"dcc4142\" data-element_type=\"section\">\n\t\t\t\t\t\t<div class=\"elementor-container elementor-column-gap-default\">\n\t\t\t\t\t<div class=\"elementor-column elementor-col-50 elementor-inner-column elementor-element elementor-element-855da02\" data-id=\"855da02\" data-element_type=\"column\">\n\t\t\t<div class=\"elementor-widget-wrap elementor-element-populated\">\n\t\t\t\t\t\t<div class=\"elementor-element elementor-element-9a24d4a elementor-view-default elementor-widget elementor-widget-icon\" data-id=\"9a24d4a\" data-element_type=\"widget\" data-widget_type=\"icon.default\">\n\t\t\t\t<div class=\"elementor-widget-container\">\n\t\t\t\t\t\t\t<div class=\"elementor-icon-wrapper\">\n\t\t\t<div class=\"elementor-icon\">\n\t\t\t<i aria-hidden=\"true\" class=\"far fa-clock\"><\/i>\t\t\t<\/div>\n\t\t<\/div>\n\t\t\t\t\t\t<\/div>\n\t\t\t\t<\/div>\n\t\t\t\t<div class=\"elementor-element elementor-element-bff9d0d elementor-widget elementor-widget-heading\" data-id=\"bff9d0d\" data-element_type=\"widget\" data-widget_type=\"heading.default\">\n\t\t\t\t<div class=\"elementor-widget-container\">\n\t\t\t\t\t<h2 class=\"elementor-heading-title elementor-size-default\">Planification automatique<\/h2>\t\t\t\t<\/div>\n\t\t\t\t<\/div>\n\t\t\t\t<div class=\"elementor-element elementor-element-8040f92 elementor-widget elementor-widget-text-editor\" data-id=\"8040f92\" data-element_type=\"widget\" data-widget_type=\"text-editor.default\">\n\t\t\t\t<div class=\"elementor-widget-container\">\n\t\t\t\t\t\t\t\t\t<p>Le planificateur de visites calcul les visites \u00e0 venir en fonction du protocole d&rsquo;\u00e9tude et vous permet de confirmer ou de modifier les dates pr\u00e9vues au besoin. Avec la fonctionnalit\u00e9 des plages de dates int\u00e9gr\u00e9e, le syst\u00e8me affiche \u00e9galement la plage de dates de visite acceptables et affiche un avertissement pour les visites programm\u00e9es en dehors de la plage de dates acceptable.<\/p>\t\t\t\t\t\t\t\t<\/div>\n\t\t\t\t<\/div>\n\t\t\t\t\t<\/div>\n\t\t<\/div>\n\t\t\t\t<div class=\"elementor-column elementor-col-50 elementor-inner-column elementor-element elementor-element-b676e91\" data-id=\"b676e91\" data-element_type=\"column\">\n\t\t\t<div class=\"elementor-widget-wrap elementor-element-populated\">\n\t\t\t\t\t\t<div class=\"elementor-element elementor-element-4bfc667 elementor-view-default elementor-widget elementor-widget-icon\" data-id=\"4bfc667\" data-element_type=\"widget\" data-widget_type=\"icon.default\">\n\t\t\t\t<div class=\"elementor-widget-container\">\n\t\t\t\t\t\t\t<div class=\"elementor-icon-wrapper\">\n\t\t\t<div class=\"elementor-icon\">\n\t\t\t<i aria-hidden=\"true\" class=\"far fa-calendar-alt\"><\/i>\t\t\t<\/div>\n\t\t<\/div>\n\t\t\t\t\t\t<\/div>\n\t\t\t\t<\/div>\n\t\t\t\t<div class=\"elementor-element elementor-element-d3add57 elementor-widget elementor-widget-heading\" data-id=\"d3add57\" data-element_type=\"widget\" data-widget_type=\"heading.default\">\n\t\t\t\t<div class=\"elementor-widget-container\">\n\t\t\t\t\t<h2 class=\"elementor-heading-title elementor-size-default\">Vues calendrier avec gestion des t\u00e2ches<\/h2>\t\t\t\t<\/div>\n\t\t\t\t<\/div>\n\t\t\t\t<div class=\"elementor-element elementor-element-c15fc46 elementor-widget elementor-widget-text-editor\" data-id=\"c15fc46\" data-element_type=\"widget\" data-widget_type=\"text-editor.default\">\n\t\t\t\t<div class=\"elementor-widget-container\">\n\t\t\t\t\t\t\t\t\t<p>Le Programmeur de visites propose des vues mensuelles, hebdomadaires ou quotidiennes d&rsquo;un site ou d&rsquo;un sujet sp\u00e9cifique. La liste de\u00a0 t\u00e2ches int\u00e9gr\u00e9e vous aide \u00e0 coordonner et \u00e0 g\u00e9rer les visites du sujet. Une liste d&rsquo;avertissement vous aide \u00e0 savoir si une date de visite planifi\u00e9e ou termin\u00e9e se situe en dehors de la plage de dates acceptable. De plus, vous pouvez programmer des rendez-vous ponctuels qui ne font pas partie de la structure de visite de l&rsquo;\u00e9tude.<\/p>\t\t\t\t\t\t\t\t<\/div>\n\t\t\t\t<\/div>\n\t\t\t\t\t<\/div>\n\t\t<\/div>\n\t\t\t\t\t<\/div>\n\t\t<\/section>\n\t\t\t\t<section class=\"elementor-section elementor-inner-section elementor-element elementor-element-9ca32cb elementor-section-boxed elementor-section-height-default elementor-section-height-default\" data-id=\"9ca32cb\" data-element_type=\"section\">\n\t\t\t\t\t\t<div class=\"elementor-container elementor-column-gap-default\">\n\t\t\t\t\t<div class=\"elementor-column elementor-col-50 elementor-inner-column elementor-element elementor-element-8770c54\" data-id=\"8770c54\" data-element_type=\"column\">\n\t\t\t<div class=\"elementor-widget-wrap elementor-element-populated\">\n\t\t\t\t\t\t<div class=\"elementor-element elementor-element-e40905c elementor-view-default elementor-widget elementor-widget-icon\" data-id=\"e40905c\" data-element_type=\"widget\" data-widget_type=\"icon.default\">\n\t\t\t\t<div class=\"elementor-widget-container\">\n\t\t\t\t\t\t\t<div class=\"elementor-icon-wrapper\">\n\t\t\t<div class=\"elementor-icon\">\n\t\t\t<i aria-hidden=\"true\" class=\"far fa-edit\"><\/i>\t\t\t<\/div>\n\t\t<\/div>\n\t\t\t\t\t\t<\/div>\n\t\t\t\t<\/div>\n\t\t\t\t<div class=\"elementor-element elementor-element-a43cd97 elementor-widget elementor-widget-heading\" data-id=\"a43cd97\" data-element_type=\"widget\" data-widget_type=\"heading.default\">\n\t\t\t\t<div class=\"elementor-widget-container\">\n\t\t\t\t\t<h2 class=\"elementor-heading-title elementor-size-default\">Configuration personnalis\u00e9e<\/h2>\t\t\t\t<\/div>\n\t\t\t\t<\/div>\n\t\t\t\t<div class=\"elementor-element elementor-element-6d5d4ba elementor-widget elementor-widget-text-editor\" data-id=\"6d5d4ba\" data-element_type=\"widget\" data-widget_type=\"text-editor.default\">\n\t\t\t\t<div class=\"elementor-widget-container\">\n\t\t\t\t\t\t\t\t\t<p>Vous pouvez avoir le programme de visite complet du sujet avec la liste des formulaires remplis. En m\u00eame temps, vous avez acc\u00e8s au registre de communication du sujet (courriels, textos et appels t\u00e9l\u00e9phoniques) et vous pouvez envoyer des courriels \u00e0 un sujet \u00e0 partir d\u2019un mod\u00e8le.<\/p>\t\t\t\t\t\t\t\t<\/div>\n\t\t\t\t<\/div>\n\t\t\t\t\t<\/div>\n\t\t<\/div>\n\t\t\t\t<div class=\"elementor-column elementor-col-50 elementor-inner-column elementor-element elementor-element-f717c09\" data-id=\"f717c09\" data-element_type=\"column\">\n\t\t\t<div class=\"elementor-widget-wrap elementor-element-populated\">\n\t\t\t\t\t\t<div class=\"elementor-element elementor-element-30baf57 elementor-view-default elementor-widget elementor-widget-icon\" data-id=\"30baf57\" data-element_type=\"widget\" data-widget_type=\"icon.default\">\n\t\t\t\t<div class=\"elementor-widget-container\">\n\t\t\t\t\t\t\t<div class=\"elementor-icon-wrapper\">\n\t\t\t<div class=\"elementor-icon\">\n\t\t\t<i aria-hidden=\"true\" class=\"far fa-copy\"><\/i>\t\t\t<\/div>\n\t\t<\/div>\n\t\t\t\t\t\t<\/div>\n\t\t\t\t<\/div>\n\t\t\t\t<div class=\"elementor-element elementor-element-7a58206 elementor-widget elementor-widget-heading\" data-id=\"7a58206\" data-element_type=\"widget\" data-widget_type=\"heading.default\">\n\t\t\t\t<div class=\"elementor-widget-container\">\n\t\t\t\t\t<h2 class=\"elementor-heading-title elementor-size-default\">Structure de visites hybrides<\/h2>\t\t\t\t<\/div>\n\t\t\t\t<\/div>\n\t\t\t\t<div class=\"elementor-element elementor-element-f45b9b3 elementor-widget elementor-widget-text-editor\" data-id=\"f45b9b3\" data-element_type=\"widget\" data-widget_type=\"text-editor.default\">\n\t\t\t\t<div class=\"elementor-widget-container\">\n\t\t\t\t\t\t\t\t\t<p>Cr\u00e9ez des \u00e9tude hybrides avec des options de visites dynamiques qui peuvent \u00eatre ajout\u00e9es \u00e0 une structure de visites fixes, par exemple, des visites non planifi\u00e9es. Utilisez notre module de conception polyvalent et choisissez une interface de visites statiques ou dynamiques pour r\u00e9pondre aux exigences de votre \u00e9tude.<\/p>\t\t\t\t\t\t\t\t<\/div>\n\t\t\t\t<\/div>\n\t\t\t\t\t<\/div>\n\t\t<\/div>\n\t\t\t\t\t<\/div>\n\t\t<\/section>\n\t\t\t\t<div class=\"elementor-element elementor-element-7c6d5bd elementor-widget elementor-widget-spacer\" data-id=\"7c6d5bd\" data-element_type=\"widget\" data-widget_type=\"spacer.default\">\n\t\t\t\t<div class=\"elementor-widget-container\">\n\t\t\t\t\t\t\t<div class=\"elementor-spacer\">\n\t\t\t<div class=\"elementor-spacer-inner\"><\/div>\n\t\t<\/div>\n\t\t\t\t\t\t<\/div>\n\t\t\t\t<\/div>\n\t\t\t\t\t<\/div>\n\t\t<\/div>\n\t\t\t\t\t<\/div>\n\t\t<\/section>\n\t\t\t\t<\/div>\n\t\t","protected":false},"excerpt":{"rendered":"<p>PROGRAMMATION Le module de Programmation\u00a0des visites\u00a0prend en charge la planification automatique des visites de suivi de vos sujets. FONCTIONNALIT\u00c9S Planification automatique Le planificateur de visites calcul les visites \u00e0 venir en fonction du protocole d&rsquo;\u00e9tude et vous permet de confirmer ou de modifier les dates pr\u00e9vues au besoin. Avec la fonctionnalit\u00e9 des plages de dates&#8230; <\/p>\n<div class=\"clear\"><\/div>\n<p><a href=\"https:\/\/www.dacimasoftware.com\/fr\/produits\/programmation\/\" class=\"excerpt-read-more\">Read More<\/a><\/p>\n","protected":false},"author":1,"featured_media":0,"parent":4514,"menu_order":0,"comment_status":"closed","ping_status":"closed","template":"","meta":{"inline_featured_image":false,"footnotes":""},"class_list":["post-12269","page","type-page","status-publish","hentry"],"aioseo_notices":[],"_links":{"self":[{"href":"https:\/\/www.dacimasoftware.com\/fr\/wp-json\/wp\/v2\/pages\/12269","targetHints":{"allow":["GET"]}}],"collection":[{"href":"https:\/\/www.dacimasoftware.com\/fr\/wp-json\/wp\/v2\/pages"}],"about":[{"href":"https:\/\/www.dacimasoftware.com\/fr\/wp-json\/wp\/v2\/types\/page"}],"author":[{"embeddable":true,"href":"https:\/\/www.dacimasoftware.com\/fr\/wp-json\/wp\/v2\/users\/1"}],"replies":[{"embeddable":true,"href":"https:\/\/www.dacimasoftware.com\/fr\/wp-json\/wp\/v2\/comments?post=12269"}],"version-history":[{"count":7,"href":"https:\/\/www.dacimasoftware.com\/fr\/wp-json\/wp\/v2\/pages\/12269\/revisions"}],"predecessor-version":[{"id":12490,"href":"https:\/\/www.dacimasoftware.com\/fr\/wp-json\/wp\/v2\/pages\/12269\/revisions\/12490"}],"up":[{"embeddable":true,"href":"https:\/\/www.dacimasoftware.com\/fr\/wp-json\/wp\/v2\/pages\/4514"}],"wp:attachment":[{"href":"https:\/\/www.dacimasoftware.com\/fr\/wp-json\/wp\/v2\/media?parent=12269"}],"curies":[{"name":"wp","href":"https:\/\/api.w.org\/{rel}","templated":true}]}}