{"id":12278,"date":"2020-12-04T11:01:07","date_gmt":"2020-12-04T16:01:07","guid":{"rendered":"https:\/\/www.dacimasoftware.com\/produits\/econsent\/"},"modified":"2024-05-10T09:23:52","modified_gmt":"2024-05-10T13:23:52","slug":"econsent","status":"publish","type":"page","link":"https:\/\/www.dacimasoftware.com\/fr\/produits\/econsent\/","title":{"rendered":"eConsent"},"content":{"rendered":"\t\t<div data-elementor-type=\"wp-page\" data-elementor-id=\"12278\" class=\"elementor elementor-12278 elementor-8087\" data-elementor-post-type=\"page\">\n\t\t\t\t\t\t<section class=\"elementor-section elementor-top-section elementor-element elementor-element-e00d161 elementor-section-boxed elementor-section-height-default elementor-section-height-default\" data-id=\"e00d161\" data-element_type=\"section\">\n\t\t\t\t\t\t<div class=\"elementor-container elementor-column-gap-default\">\n\t\t\t\t\t<div class=\"elementor-column elementor-col-66 elementor-top-column elementor-element elementor-element-8d88bdc\" data-id=\"8d88bdc\" data-element_type=\"column\">\n\t\t\t<div class=\"elementor-widget-wrap elementor-element-populated\">\n\t\t\t\t\t\t<div class=\"elementor-element elementor-element-bb89fba elementor-widget elementor-widget-image\" data-id=\"bb89fba\" data-element_type=\"widget\" data-widget_type=\"image.default\">\n\t\t\t\t<div class=\"elementor-widget-container\">\n\t\t\t\t\t\t\t\t\t\t\t\t\t\t\t<img decoding=\"async\" src=\"https:\/\/www.dacimasoftware.com\/wordpress\/wp-content\/uploads\/elementor\/thumbs\/Products_eCon_eConsent-1-qdzd3dtrhwpwu5l4yjud9hafoxdugw4l7pmdp3x6qk.png\" title=\"Products_eCon_eConsent-1\" alt=\"Products_eCon_eConsent-1\" loading=\"lazy\" \/>\t\t\t\t\t\t\t\t\t\t\t\t\t\t\t<\/div>\n\t\t\t\t<\/div>\n\t\t\t\t<div class=\"elementor-element elementor-element-09fea07 elementor-widget elementor-widget-spacer\" data-id=\"09fea07\" data-element_type=\"widget\" data-widget_type=\"spacer.default\">\n\t\t\t\t<div class=\"elementor-widget-container\">\n\t\t\t\t\t\t\t<div class=\"elementor-spacer\">\n\t\t\t<div class=\"elementor-spacer-inner\"><\/div>\n\t\t<\/div>\n\t\t\t\t\t\t<\/div>\n\t\t\t\t<\/div>\n\t\t\t\t<div class=\"elementor-element elementor-element-505037c elementor-widget elementor-widget-heading\" data-id=\"505037c\" data-element_type=\"widget\" data-widget_type=\"heading.default\">\n\t\t\t\t<div class=\"elementor-widget-container\">\n\t\t\t\t\t<h1 class=\"elementor-heading-title elementor-size-default\">ALLER \u00c0 LA RENCONTRE DES PATIENTS<\/h1>\t\t\t\t<\/div>\n\t\t\t\t<\/div>\n\t\t\t\t<div class=\"elementor-element elementor-element-88ae6ba elementor-widget elementor-widget-spacer\" data-id=\"88ae6ba\" data-element_type=\"widget\" data-widget_type=\"spacer.default\">\n\t\t\t\t<div class=\"elementor-widget-container\">\n\t\t\t\t\t\t\t<div class=\"elementor-spacer\">\n\t\t\t<div class=\"elementor-spacer-inner\"><\/div>\n\t\t<\/div>\n\t\t\t\t\t\t<\/div>\n\t\t\t\t<\/div>\n\t\t\t\t<div class=\"elementor-element elementor-element-0973c96 elementor-widget elementor-widget-text-editor\" data-id=\"0973c96\" data-element_type=\"widget\" data-widget_type=\"text-editor.default\">\n\t\t\t\t<div class=\"elementor-widget-container\">\n\t\t\t\t\t\t\t\t\t<p>Le module eConsent de Dacima am\u00e9liore l\u2019exp\u00e9rience du patient en permettant d\u2019obtenir leur consentement \u00e0 distance, dans le confort de leur foyer, dans le cabinet du m\u00e9decin ou ailleurs.<\/p>\t\t\t\t\t\t\t\t<\/div>\n\t\t\t\t<\/div>\n\t\t\t\t\t<\/div>\n\t\t<\/div>\n\t\t\t\t<div class=\"elementor-column elementor-col-33 elementor-top-column elementor-element elementor-element-b5d855a\" data-id=\"b5d855a\" data-element_type=\"column\">\n\t\t\t<div class=\"elementor-widget-wrap elementor-element-populated\">\n\t\t\t\t\t\t<div class=\"elementor-element elementor-element-0f0d4ca elementor-widget elementor-widget-spacer\" data-id=\"0f0d4ca\" data-element_type=\"widget\" data-widget_type=\"spacer.default\">\n\t\t\t\t<div class=\"elementor-widget-container\">\n\t\t\t\t\t\t\t<div class=\"elementor-spacer\">\n\t\t\t<div class=\"elementor-spacer-inner\"><\/div>\n\t\t<\/div>\n\t\t\t\t\t\t<\/div>\n\t\t\t\t<\/div>\n\t\t\t\t<div class=\"elementor-element elementor-element-50264dd elementor-widget elementor-widget-image\" data-id=\"50264dd\" data-element_type=\"widget\" data-widget_type=\"image.default\">\n\t\t\t\t<div class=\"elementor-widget-container\">\n\t\t\t\t\t\t\t\t\t\t\t\t\t\t\t<img fetchpriority=\"high\" decoding=\"async\" width=\"690\" height=\"460\" src=\"https:\/\/www.dacimasoftware.com\/wordpress\/wp-content\/uploads\/2020\/12\/monitoring2-690x460.png\" class=\"attachment-large size-large wp-image-8089\" alt=\"\" srcset=\"https:\/\/www.dacimasoftware.com\/wordpress\/wp-content\/uploads\/2020\/12\/monitoring2-690x460.png 690w, https:\/\/www.dacimasoftware.com\/wordpress\/wp-content\/uploads\/2020\/12\/monitoring2-300x200.png 300w, https:\/\/www.dacimasoftware.com\/wordpress\/wp-content\/uploads\/2020\/12\/monitoring2-71x47.png 71w, https:\/\/www.dacimasoftware.com\/wordpress\/wp-content\/uploads\/2020\/12\/monitoring2.png 1200w\" sizes=\"(max-width: 690px) 100vw, 690px\" \/>\t\t\t\t\t\t\t\t\t\t\t\t\t\t\t<\/div>\n\t\t\t\t<\/div>\n\t\t\t\t\t<\/div>\n\t\t<\/div>\n\t\t\t\t\t<\/div>\n\t\t<\/section>\n\t\t\t\t<section class=\"elementor-section elementor-top-section elementor-element elementor-element-ba09369 elementor-section-boxed elementor-section-height-default elementor-section-height-default\" data-id=\"ba09369\" data-element_type=\"section\">\n\t\t\t\t\t\t<div class=\"elementor-container elementor-column-gap-default\">\n\t\t\t\t\t<div class=\"elementor-column elementor-col-100 elementor-top-column elementor-element elementor-element-3f86834\" data-id=\"3f86834\" data-element_type=\"column\">\n\t\t\t<div class=\"elementor-widget-wrap elementor-element-populated\">\n\t\t\t\t\t\t<div class=\"elementor-element elementor-element-ae682d1 elementor-widget elementor-widget-text-editor\" data-id=\"ae682d1\" data-element_type=\"widget\" data-widget_type=\"text-editor.default\">\n\t\t\t\t<div class=\"elementor-widget-container\">\n\t\t\t\t\t\t\t\t\t<p>La suite Dacima Clinical, notre syst\u00e8me de CD\u00c9, comprend un module de consentement \u00e9lectronique enti\u00e8rement conforme aux normes qui prend en charge le consentement du patient en personne et \u00e0 distance. Le logiciel simplifie le processus de consentement, augmente la compr\u00e9hension et la r\u00e9tention des patients, et all\u00e8ge la charge de travail pour les \u00e9quipes de recherche et les sites. Ce module, puissant et polyvalent, pr\u00e9sente un formulaire de consentement \u00e9clair\u00e9 \u00e9lectronique sophistiqu\u00e9 et intuitif qui peut contenir des vid\u00e9os, des images et des fichiers PDF, selon vos besoins.<\/p>\t\t\t\t\t\t\t\t<\/div>\n\t\t\t\t<\/div>\n\t\t\t\t<div class=\"elementor-element elementor-element-c2ce476 elementor-widget elementor-widget-spacer\" data-id=\"c2ce476\" data-element_type=\"widget\" data-widget_type=\"spacer.default\">\n\t\t\t\t<div class=\"elementor-widget-container\">\n\t\t\t\t\t\t\t<div class=\"elementor-spacer\">\n\t\t\t<div class=\"elementor-spacer-inner\"><\/div>\n\t\t<\/div>\n\t\t\t\t\t\t<\/div>\n\t\t\t\t<\/div>\n\t\t\t\t<div class=\"elementor-element elementor-element-269c749 elementor-view-default elementor-widget elementor-widget-icon\" data-id=\"269c749\" data-element_type=\"widget\" data-widget_type=\"icon.default\">\n\t\t\t\t<div class=\"elementor-widget-container\">\n\t\t\t\t\t\t\t<div class=\"elementor-icon-wrapper\">\n\t\t\t<div class=\"elementor-icon\">\n\t\t\t<i aria-hidden=\"true\" class=\"fas fa-tasks\"><\/i>\t\t\t<\/div>\n\t\t<\/div>\n\t\t\t\t\t\t<\/div>\n\t\t\t\t<\/div>\n\t\t\t\t<div class=\"elementor-element elementor-element-d1fde06 elementor-widget elementor-widget-spacer\" data-id=\"d1fde06\" data-element_type=\"widget\" data-widget_type=\"spacer.default\">\n\t\t\t\t<div class=\"elementor-widget-container\">\n\t\t\t\t\t\t\t<div class=\"elementor-spacer\">\n\t\t\t<div class=\"elementor-spacer-inner\"><\/div>\n\t\t<\/div>\n\t\t\t\t\t\t<\/div>\n\t\t\t\t<\/div>\n\t\t\t\t<div class=\"elementor-element elementor-element-275b02e elementor-widget elementor-widget-heading\" data-id=\"275b02e\" data-element_type=\"widget\" data-widget_type=\"heading.default\">\n\t\t\t\t<div class=\"elementor-widget-container\">\n\t\t\t\t\t<h2 class=\"elementor-heading-title elementor-size-default\">FONCTIONNALIT\u00c9S<\/h2>\t\t\t\t<\/div>\n\t\t\t\t<\/div>\n\t\t\t\t<div class=\"elementor-element elementor-element-02f0e29 elementor-widget elementor-widget-spacer\" data-id=\"02f0e29\" data-element_type=\"widget\" data-widget_type=\"spacer.default\">\n\t\t\t\t<div class=\"elementor-widget-container\">\n\t\t\t\t\t\t\t<div class=\"elementor-spacer\">\n\t\t\t<div class=\"elementor-spacer-inner\"><\/div>\n\t\t<\/div>\n\t\t\t\t\t\t<\/div>\n\t\t\t\t<\/div>\n\t\t\t\t<div class=\"elementor-element elementor-element-7b25cb9 elementor-widget elementor-widget-text-editor\" data-id=\"7b25cb9\" data-element_type=\"widget\" data-widget_type=\"text-editor.default\">\n\t\t\t\t<div class=\"elementor-widget-container\">\n\t\t\t\t\t\t\t\t\t<ul>\n<li>\u00c9limine le recours \u00e0 des syst\u00e8mes tiers s\u00e9par\u00e9s \u2013 Le module eConsent est int\u00e9gr\u00e9 \u00e0 la solution CD\u00c9\/eSource de Dacima Software.<\/li>\n<li>Consentement en personne \u2013 Partagez votre tablette avec le patient ou envoyez le formulaire de consentement \u00e9lectronique vers un kiosque ou une tablette dans une salle d\u2019attente.<\/li>\n<li>Consentement \u00e0 distance \u2013 Envoyez un lien vers le formulaire de consentement \u00e9lectronique par courriel ou par texto.<\/li>\n<li>Autorecrutement \u2013 Le patient compl\u00e8te le formulaire de consentement apr\u00e8s s\u2019\u00eatre inscrit et avoir cr\u00e9\u00e9 un compte via une page d\u2019accueil.<\/li><li>Suivi du statut du sujet en temps r\u00e9el\u2014transition fluide entre le recrutement des patients et la collecte de donn\u00e9es.<\/li><li>Conception polyvalente \u2013 possibilit\u00e9 d\u2019int\u00e9grer dans le formulaire des vid\u00e9os, des images ou des fichiers PDF \u00e0 l\u2019attention des patients, une v\u00e9rification que le patient a bien compris \u00e0 quoi il consent, etc.<\/li><li>Prend en charge le processus d\u2019inclusion \u00e0 plusieurs \u00e9tapes \u2013 utilisation pour la s\u00e9lection, le consentement, l\u2019\u00e9ligibilit\u00e9 ou la randomisation.<\/li><li>&nbsp;Cr\u00e9ation de plusieurs formulaires de consentements dans la m\u00eame \u00e9tude.<\/li><li>Configuration de diff\u00e9rents flux de travail \u2013 cr\u00e9ation de visites dynamiques, de crit\u00e8res d\u2019activations de formulaires et de logiques conditionnelles.<\/li><li>D\u00e9clenchement du processus de signature \u2013 les signatures requises sont conformes aux exigences r\u00e9glementaires.<\/li><li>Rapport d\u2019audit \u2013 rapport d\u00e9taill\u00e9s de toutes les activit\u00e9s (affichage du formulaire, signature, modifications, etc.<\/li>\n\n<\/ul><div><br><\/div>\t\t\t\t\t\t\t\t<\/div>\n\t\t\t\t<\/div>\n\t\t\t\t<div class=\"elementor-element elementor-element-0d56b6e elementor-widget elementor-widget-spacer\" data-id=\"0d56b6e\" data-element_type=\"widget\" data-widget_type=\"spacer.default\">\n\t\t\t\t<div class=\"elementor-widget-container\">\n\t\t\t\t\t\t\t<div class=\"elementor-spacer\">\n\t\t\t<div class=\"elementor-spacer-inner\"><\/div>\n\t\t<\/div>\n\t\t\t\t\t\t<\/div>\n\t\t\t\t<\/div>\n\t\t\t\t\t<\/div>\n\t\t<\/div>\n\t\t\t\t\t<\/div>\n\t\t<\/section>\n\t\t\t\t<\/div>\n\t\t","protected":false},"excerpt":{"rendered":"<p>ALLER \u00c0 LA RENCONTRE DES PATIENTS Le module eConsent de Dacima am\u00e9liore l\u2019exp\u00e9rience du patient en permettant d\u2019obtenir leur consentement \u00e0 distance, dans le confort de leur foyer, dans le cabinet du m\u00e9decin ou ailleurs. La suite Dacima Clinical, notre syst\u00e8me de CD\u00c9, comprend un module de consentement \u00e9lectronique enti\u00e8rement conforme aux normes qui prend&#8230; <\/p>\n<div class=\"clear\"><\/div>\n<p><a href=\"https:\/\/www.dacimasoftware.com\/fr\/produits\/econsent\/\" class=\"excerpt-read-more\">Read More<\/a><\/p>\n","protected":false},"author":1,"featured_media":0,"parent":4514,"menu_order":0,"comment_status":"closed","ping_status":"closed","template":"","meta":{"inline_featured_image":false,"footnotes":""},"class_list":["post-12278","page","type-page","status-publish","hentry"],"aioseo_notices":[],"_links":{"self":[{"href":"https:\/\/www.dacimasoftware.com\/fr\/wp-json\/wp\/v2\/pages\/12278","targetHints":{"allow":["GET"]}}],"collection":[{"href":"https:\/\/www.dacimasoftware.com\/fr\/wp-json\/wp\/v2\/pages"}],"about":[{"href":"https:\/\/www.dacimasoftware.com\/fr\/wp-json\/wp\/v2\/types\/page"}],"author":[{"embeddable":true,"href":"https:\/\/www.dacimasoftware.com\/fr\/wp-json\/wp\/v2\/users\/1"}],"replies":[{"embeddable":true,"href":"https:\/\/www.dacimasoftware.com\/fr\/wp-json\/wp\/v2\/comments?post=12278"}],"version-history":[{"count":16,"href":"https:\/\/www.dacimasoftware.com\/fr\/wp-json\/wp\/v2\/pages\/12278\/revisions"}],"predecessor-version":[{"id":12609,"href":"https:\/\/www.dacimasoftware.com\/fr\/wp-json\/wp\/v2\/pages\/12278\/revisions\/12609"}],"up":[{"embeddable":true,"href":"https:\/\/www.dacimasoftware.com\/fr\/wp-json\/wp\/v2\/pages\/4514"}],"wp:attachment":[{"href":"https:\/\/www.dacimasoftware.com\/fr\/wp-json\/wp\/v2\/media?parent=12278"}],"curies":[{"name":"wp","href":"https:\/\/api.w.org\/{rel}","templated":true}]}}