{"id":12289,"date":"2019-09-23T16:25:46","date_gmt":"2019-09-23T20:25:46","guid":{"rendered":"https:\/\/www.dacimasoftware.com\/produits\/ediary\/"},"modified":"2023-03-19T23:26:09","modified_gmt":"2023-03-20T03:26:09","slug":"journal","status":"publish","type":"page","link":"https:\/\/www.dacimasoftware.com\/fr\/produits\/journal\/","title":{"rendered":"Journal"},"content":{"rendered":"\t\t<div data-elementor-type=\"wp-page\" data-elementor-id=\"12289\" class=\"elementor elementor-12289 elementor-6956\" data-elementor-post-type=\"page\">\n\t\t\t\t\t\t<section class=\"elementor-section elementor-top-section elementor-element elementor-element-3af6459 elementor-section-boxed elementor-section-height-default elementor-section-height-default\" data-id=\"3af6459\" data-element_type=\"section\">\n\t\t\t\t\t\t<div class=\"elementor-container elementor-column-gap-default\">\n\t\t\t\t\t<div class=\"elementor-column elementor-col-66 elementor-top-column elementor-element elementor-element-ce9eed0\" data-id=\"ce9eed0\" data-element_type=\"column\">\n\t\t\t<div class=\"elementor-widget-wrap elementor-element-populated\">\n\t\t\t\t\t\t<div class=\"elementor-element elementor-element-3e0dcd9 elementor-widget elementor-widget-image\" data-id=\"3e0dcd9\" data-element_type=\"widget\" data-widget_type=\"image.default\">\n\t\t\t\t<div class=\"elementor-widget-container\">\n\t\t\t\t\t\t\t\t\t\t\t\t\t\t\t<img decoding=\"async\" src=\"https:\/\/www.dacimasoftware.com\/wordpress\/wp-content\/uploads\/elementor\/thumbs\/Products_eDiary_Electronic_Clinical_Outcome_Assessment-qdzd3erloqr75rjrt28ztz1wab97ol8bju9v6dvskc.png\" title=\"Products_eDiary_Electronic_Clinical_Outcome_Assessment\" alt=\"eDiary-icon\" loading=\"lazy\" \/>\t\t\t\t\t\t\t\t\t\t\t\t\t\t\t<\/div>\n\t\t\t\t<\/div>\n\t\t\t\t<div class=\"elementor-element elementor-element-ee64263 elementor-widget elementor-widget-spacer\" data-id=\"ee64263\" data-element_type=\"widget\" data-widget_type=\"spacer.default\">\n\t\t\t\t<div class=\"elementor-widget-container\">\n\t\t\t\t\t\t\t<div class=\"elementor-spacer\">\n\t\t\t<div class=\"elementor-spacer-inner\"><\/div>\n\t\t<\/div>\n\t\t\t\t\t\t<\/div>\n\t\t\t\t<\/div>\n\t\t\t\t<div class=\"elementor-element elementor-element-5a154f1 elementor-widget elementor-widget-heading\" data-id=\"5a154f1\" data-element_type=\"widget\" data-widget_type=\"heading.default\">\n\t\t\t\t<div class=\"elementor-widget-container\">\n\t\t\t\t\t<h1 class=\"elementor-heading-title elementor-size-default\">COLLECTEZ LES DONN\u00c9ES DIRECTEMENT DES PATIENTS AU BON MOMENT<\/h1>\t\t\t\t<\/div>\n\t\t\t\t<\/div>\n\t\t\t\t<div class=\"elementor-element elementor-element-72ccb9c elementor-widget elementor-widget-spacer\" data-id=\"72ccb9c\" data-element_type=\"widget\" data-widget_type=\"spacer.default\">\n\t\t\t\t<div class=\"elementor-widget-container\">\n\t\t\t\t\t\t\t<div class=\"elementor-spacer\">\n\t\t\t<div class=\"elementor-spacer-inner\"><\/div>\n\t\t<\/div>\n\t\t\t\t\t\t<\/div>\n\t\t\t\t<\/div>\n\t\t\t\t<div class=\"elementor-element elementor-element-0d52a97 elementor-widget elementor-widget-spacer\" data-id=\"0d52a97\" data-element_type=\"widget\" data-widget_type=\"spacer.default\">\n\t\t\t\t<div class=\"elementor-widget-container\">\n\t\t\t\t\t\t\t<div class=\"elementor-spacer\">\n\t\t\t<div class=\"elementor-spacer-inner\"><\/div>\n\t\t<\/div>\n\t\t\t\t\t\t<\/div>\n\t\t\t\t<\/div>\n\t\t\t\t<div class=\"elementor-element elementor-element-811dffa elementor-widget elementor-widget-text-editor\" data-id=\"811dffa\" data-element_type=\"widget\" data-widget_type=\"text-editor.default\">\n\t\t\t\t<div class=\"elementor-widget-container\">\n\t\t\t\t\t\t\t\t\t<p>Am\u00e9liorez l&rsquo;engagement des patients et simplifiez la collecte des donn\u00e9es du journal en utilisant l&rsquo;interface Web intuitive.<\/p>\t\t\t\t\t\t\t\t<\/div>\n\t\t\t\t<\/div>\n\t\t\t\t<div class=\"elementor-element elementor-element-47dfaba elementor-widget elementor-widget-spacer\" data-id=\"47dfaba\" data-element_type=\"widget\" data-widget_type=\"spacer.default\">\n\t\t\t\t<div class=\"elementor-widget-container\">\n\t\t\t\t\t\t\t<div class=\"elementor-spacer\">\n\t\t\t<div class=\"elementor-spacer-inner\"><\/div>\n\t\t<\/div>\n\t\t\t\t\t\t<\/div>\n\t\t\t\t<\/div>\n\t\t\t\t\t<\/div>\n\t\t<\/div>\n\t\t\t\t<div class=\"elementor-column elementor-col-33 elementor-top-column elementor-element elementor-element-3268317\" data-id=\"3268317\" data-element_type=\"column\">\n\t\t\t<div class=\"elementor-widget-wrap elementor-element-populated\">\n\t\t\t\t\t\t<div class=\"elementor-element elementor-element-2572db2 elementor-widget elementor-widget-spacer\" data-id=\"2572db2\" data-element_type=\"widget\" data-widget_type=\"spacer.default\">\n\t\t\t\t<div class=\"elementor-widget-container\">\n\t\t\t\t\t\t\t<div class=\"elementor-spacer\">\n\t\t\t<div class=\"elementor-spacer-inner\"><\/div>\n\t\t<\/div>\n\t\t\t\t\t\t<\/div>\n\t\t\t\t<\/div>\n\t\t\t\t<div class=\"elementor-element elementor-element-3597224 elementor-widget elementor-widget-image\" data-id=\"3597224\" data-element_type=\"widget\" data-widget_type=\"image.default\">\n\t\t\t\t<div class=\"elementor-widget-container\">\n\t\t\t\t\t\t\t\t\t\t\t\t\t\t\t<img fetchpriority=\"high\" decoding=\"async\" width=\"800\" height=\"533\" src=\"https:\/\/www.dacimasoftware.com\/wordpress\/wp-content\/uploads\/2019\/10\/dacima-patient-diary.png\" class=\"attachment-full size-full wp-image-7159\" alt=\"\" srcset=\"https:\/\/www.dacimasoftware.com\/wordpress\/wp-content\/uploads\/2019\/10\/dacima-patient-diary.png 800w, https:\/\/www.dacimasoftware.com\/wordpress\/wp-content\/uploads\/2019\/10\/dacima-patient-diary-300x200.png 300w, https:\/\/www.dacimasoftware.com\/wordpress\/wp-content\/uploads\/2019\/10\/dacima-patient-diary-690x460.png 690w, https:\/\/www.dacimasoftware.com\/wordpress\/wp-content\/uploads\/2019\/10\/dacima-patient-diary-71x47.png 71w\" sizes=\"(max-width: 800px) 100vw, 800px\" \/>\t\t\t\t\t\t\t\t\t\t\t\t\t\t\t<\/div>\n\t\t\t\t<\/div>\n\t\t\t\t<div class=\"elementor-element elementor-element-8312df2 elementor-widget elementor-widget-spacer\" data-id=\"8312df2\" data-element_type=\"widget\" data-widget_type=\"spacer.default\">\n\t\t\t\t<div class=\"elementor-widget-container\">\n\t\t\t\t\t\t\t<div class=\"elementor-spacer\">\n\t\t\t<div class=\"elementor-spacer-inner\"><\/div>\n\t\t<\/div>\n\t\t\t\t\t\t<\/div>\n\t\t\t\t<\/div>\n\t\t\t\t\t<\/div>\n\t\t<\/div>\n\t\t\t\t\t<\/div>\n\t\t<\/section>\n\t\t\t\t<section class=\"elementor-section elementor-top-section elementor-element elementor-element-90ff5d3 elementor-section-full_width elementor-section-stretched elementor-section-height-default elementor-section-height-default\" data-id=\"90ff5d3\" data-element_type=\"section\" data-settings=\"{&quot;stretch_section&quot;:&quot;section-stretched&quot;}\">\n\t\t\t\t\t\t<div class=\"elementor-container elementor-column-gap-no\">\n\t\t\t\t\t<div class=\"elementor-column elementor-col-100 elementor-top-column elementor-element elementor-element-431996b\" data-id=\"431996b\" data-element_type=\"column\" data-settings=\"{&quot;background_background&quot;:&quot;classic&quot;}\">\n\t\t\t<div class=\"elementor-widget-wrap elementor-element-populated\">\n\t\t\t\t\t\t<section class=\"elementor-section elementor-inner-section elementor-element elementor-element-c9c3883 elementor-section-boxed elementor-section-height-default elementor-section-height-default\" data-id=\"c9c3883\" data-element_type=\"section\" data-settings=\"{&quot;background_background&quot;:&quot;classic&quot;}\">\n\t\t\t\t\t\t<div class=\"elementor-container elementor-column-gap-default\">\n\t\t\t\t\t<div class=\"elementor-column elementor-col-50 elementor-inner-column elementor-element elementor-element-8409e01\" data-id=\"8409e01\" data-element_type=\"column\">\n\t\t\t<div class=\"elementor-widget-wrap elementor-element-populated\">\n\t\t\t\t\t\t<div class=\"elementor-element elementor-element-4865d80 elementor-widget elementor-widget-image\" data-id=\"4865d80\" data-element_type=\"widget\" data-widget_type=\"image.default\">\n\t\t\t\t<div class=\"elementor-widget-container\">\n\t\t\t\t\t\t\t\t\t\t\t\t\t\t\t<img decoding=\"async\" width=\"690\" height=\"518\" src=\"https:\/\/www.dacimasoftware.com\/wordpress\/wp-content\/uploads\/2022\/11\/iStock-1059233776-Converti-002-690x518.png\" class=\"attachment-large size-large wp-image-10953\" alt=\"eDiary\" srcset=\"https:\/\/www.dacimasoftware.com\/wordpress\/wp-content\/uploads\/2022\/11\/iStock-1059233776-Converti-002-690x518.png 690w, https:\/\/www.dacimasoftware.com\/wordpress\/wp-content\/uploads\/2022\/11\/iStock-1059233776-Converti-002-300x225.png 300w, https:\/\/www.dacimasoftware.com\/wordpress\/wp-content\/uploads\/2022\/11\/iStock-1059233776-Converti-002-63x47.png 63w, https:\/\/www.dacimasoftware.com\/wordpress\/wp-content\/uploads\/2022\/11\/iStock-1059233776-Converti-002-400x300.png 400w, https:\/\/www.dacimasoftware.com\/wordpress\/wp-content\/uploads\/2022\/11\/iStock-1059233776-Converti-002.png 800w\" sizes=\"(max-width: 690px) 100vw, 690px\" \/>\t\t\t\t\t\t\t\t\t\t\t\t\t\t\t<\/div>\n\t\t\t\t<\/div>\n\t\t\t\t\t<\/div>\n\t\t<\/div>\n\t\t\t\t<div class=\"elementor-column elementor-col-50 elementor-inner-column elementor-element elementor-element-9f4204a\" data-id=\"9f4204a\" data-element_type=\"column\">\n\t\t\t<div class=\"elementor-widget-wrap elementor-element-populated\">\n\t\t\t\t\t\t<div class=\"elementor-element elementor-element-09d67db elementor-widget elementor-widget-heading\" data-id=\"09d67db\" data-element_type=\"widget\" data-widget_type=\"heading.default\">\n\t\t\t\t<div class=\"elementor-widget-container\">\n\t\t\t\t\t<h2 class=\"elementor-heading-title elementor-size-default\">Journal<\/h2>\t\t\t\t<\/div>\n\t\t\t\t<\/div>\n\t\t\t\t<div class=\"elementor-element elementor-element-06edf92 elementor-widget elementor-widget-heading\" data-id=\"06edf92\" data-element_type=\"widget\" data-widget_type=\"heading.default\">\n\t\t\t\t<div class=\"elementor-widget-container\">\n\t\t\t\t\t<h2 class=\"elementor-heading-title elementor-size-default\">AM\u00c9LIORE L'ENGAGEMENT DES PATIENTS ET LA QUALIT\u00c9 DES DONN\u00c9ES<\/h2>\t\t\t\t<\/div>\n\t\t\t\t<\/div>\n\t\t\t\t<div class=\"elementor-element elementor-element-db3bfda elementor-widget elementor-widget-text-editor\" data-id=\"db3bfda\" data-element_type=\"widget\" data-widget_type=\"text-editor.default\">\n\t\t\t\t<div class=\"elementor-widget-container\">\n\t\t\t\t\t\t\t\t\t<p>Notre journal est un module \u00e9lectronique d&rsquo;\u00e9valuation des r\u00e9sultats cliniques (eCOA) qui prend en charge la cr\u00e9ation de journaux en ligne \u00e0 remplir par les participants \u00e0 l&rsquo;aide d&rsquo;un ordinateur, d&rsquo;une tablette ou d&rsquo;un t\u00e9l\u00e9phone intelligent. Nos journaux sont conformes aux normes 21 CFR Part 11 de la FDA, aux normes de Bonnes Pratiques Cliniques (BPC [en anglais <i>GCP<\/i>]) et contient une piste d&rsquo;audit compl\u00e8te, ce qui en fait le meilleur choix pour les \u00e9tudes cliniques.<\/p>\t\t\t\t\t\t\t\t<\/div>\n\t\t\t\t<\/div>\n\t\t\t\t\t<\/div>\n\t\t<\/div>\n\t\t\t\t\t<\/div>\n\t\t<\/section>\n\t\t\t\t\t<\/div>\n\t\t<\/div>\n\t\t\t\t\t<\/div>\n\t\t<\/section>\n\t\t\t\t<section class=\"elementor-section elementor-top-section elementor-element elementor-element-6f0227c elementor-section-boxed elementor-section-height-default elementor-section-height-default\" data-id=\"6f0227c\" data-element_type=\"section\">\n\t\t\t\t\t\t<div class=\"elementor-container elementor-column-gap-default\">\n\t\t\t\t\t<div class=\"elementor-column elementor-col-100 elementor-top-column elementor-element elementor-element-df1afc0\" data-id=\"df1afc0\" data-element_type=\"column\">\n\t\t\t<div class=\"elementor-widget-wrap elementor-element-populated\">\n\t\t\t\t\t\t<div class=\"elementor-element elementor-element-98dbca5 elementor-widget elementor-widget-spacer\" data-id=\"98dbca5\" data-element_type=\"widget\" data-widget_type=\"spacer.default\">\n\t\t\t\t<div class=\"elementor-widget-container\">\n\t\t\t\t\t\t\t<div class=\"elementor-spacer\">\n\t\t\t<div class=\"elementor-spacer-inner\"><\/div>\n\t\t<\/div>\n\t\t\t\t\t\t<\/div>\n\t\t\t\t<\/div>\n\t\t\t\t<div class=\"elementor-element elementor-element-f20bf22 elementor-view-default elementor-widget elementor-widget-icon\" data-id=\"f20bf22\" data-element_type=\"widget\" data-widget_type=\"icon.default\">\n\t\t\t\t<div class=\"elementor-widget-container\">\n\t\t\t\t\t\t\t<div class=\"elementor-icon-wrapper\">\n\t\t\t<div class=\"elementor-icon\">\n\t\t\t<i aria-hidden=\"true\" class=\"fas fa-tasks\"><\/i>\t\t\t<\/div>\n\t\t<\/div>\n\t\t\t\t\t\t<\/div>\n\t\t\t\t<\/div>\n\t\t\t\t<div class=\"elementor-element elementor-element-988255b elementor-widget elementor-widget-heading\" data-id=\"988255b\" data-element_type=\"widget\" data-widget_type=\"heading.default\">\n\t\t\t\t<div class=\"elementor-widget-container\">\n\t\t\t\t\t<h2 class=\"elementor-heading-title elementor-size-default\">FONCTIONNALIT\u00c9S<\/h2>\t\t\t\t<\/div>\n\t\t\t\t<\/div>\n\t\t\t\t<div class=\"elementor-element elementor-element-d12ce5a elementor-widget elementor-widget-spacer\" data-id=\"d12ce5a\" data-element_type=\"widget\" data-widget_type=\"spacer.default\">\n\t\t\t\t<div class=\"elementor-widget-container\">\n\t\t\t\t\t\t\t<div class=\"elementor-spacer\">\n\t\t\t<div class=\"elementor-spacer-inner\"><\/div>\n\t\t<\/div>\n\t\t\t\t\t\t<\/div>\n\t\t\t\t<\/div>\n\t\t\t\t\t<\/div>\n\t\t<\/div>\n\t\t\t\t\t<\/div>\n\t\t<\/section>\n\t\t\t\t<section class=\"elementor-section elementor-top-section elementor-element elementor-element-b46df0b elementor-section-boxed elementor-section-height-default elementor-section-height-default\" data-id=\"b46df0b\" data-element_type=\"section\">\n\t\t\t\t\t\t<div class=\"elementor-container elementor-column-gap-default\">\n\t\t\t\t\t<div class=\"elementor-column elementor-col-50 elementor-top-column elementor-element elementor-element-981463a\" data-id=\"981463a\" data-element_type=\"column\">\n\t\t\t<div class=\"elementor-widget-wrap elementor-element-populated\">\n\t\t\t\t\t\t<div class=\"elementor-element elementor-element-c86310d elementor-widget elementor-widget-text-editor\" data-id=\"c86310d\" data-element_type=\"widget\" data-widget_type=\"text-editor.default\">\n\t\t\t\t<div class=\"elementor-widget-container\">\n\t\t\t\t\t\t\t\t\t<ul><li>Con\u00e7u pour fonctionner sur un t\u00e9l\u00e9phone intelligent pour une utilisation quotidienne facile.<\/li><li>Int\u00e9gr\u00e9 au module de <a href=\"https:\/\/www.dacimasoftware.com\/fr\/produits\/programmation\/\" target=\"_blank\" rel=\"noopener\">Programmation des visites<\/a><\/li><li>Envoie des courriels automatiques pour l&rsquo;ach\u00e8vement du journal.<\/li><li>Prend en charge l&rsquo;envoi de rappels multiples par courriel ou par texto.<\/li><li>Alerte les sites si le journal expire.<\/li><li>Courriels et textos d\u2019invitation personnalisables.<\/li><li>Personnalisez les pages d&rsquo;accueil et de fin pour r\u00e9pondre \u00e0 vos besoins<\/li><li>Choisissez parmi diff\u00e9rentes options d&rsquo;extraction de donn\u00e9es.<\/li><\/ul>\t\t\t\t\t\t\t\t<\/div>\n\t\t\t\t<\/div>\n\t\t\t\t\t<\/div>\n\t\t<\/div>\n\t\t\t\t<div class=\"elementor-column elementor-col-50 elementor-top-column elementor-element elementor-element-244bc4d\" data-id=\"244bc4d\" data-element_type=\"column\">\n\t\t\t<div class=\"elementor-widget-wrap elementor-element-populated\">\n\t\t\t\t\t\t<div class=\"elementor-element elementor-element-e557574 elementor-widget elementor-widget-text-editor\" data-id=\"e557574\" data-element_type=\"widget\" data-widget_type=\"text-editor.default\">\n\t\t\t\t<div class=\"elementor-widget-container\">\n\t\t\t\t\t\t\t\t\t<ul><li>Suivez la progression des patients \u00e0 l&rsquo;aide des rapports et des tableaux de bord personnalis\u00e9s.<\/li><li>Cr\u00e9ez des d\u00e9pendances conditionnelles pour activer des champs, les afficher ou les masquer, afficher des messages contextuels ou changer les couleurs.<\/li><li><span style=\"color: var( --e-global-color-text ); font-family: var( --e-global-typography-text-font-family ), Sans-serif; font-weight: var( --e-global-typography-text-font-weight );\">Utilisez le g\u00e9n\u00e9rateur de rapport pour extraire des sous-ensembles de donn\u00e9es ou g\u00e9n\u00e9rer des rapports de statistiques agr\u00e9g\u00e9es et r\u00e9capitulatives.<\/span><\/li><li>Les rapports int\u00e9gr\u00e9s vous permettent d&rsquo;afficher des statistiques r\u00e9capitulatives, de g\u00e9n\u00e9rer un dictionnaire de donn\u00e9es, des rapports de requ\u00eate de donn\u00e9es et bien plus encore.<\/li><\/ul>\t\t\t\t\t\t\t\t<\/div>\n\t\t\t\t<\/div>\n\t\t\t\t\t<\/div>\n\t\t<\/div>\n\t\t\t\t\t<\/div>\n\t\t<\/section>\n\t\t\t\t<section class=\"elementor-section elementor-top-section elementor-element elementor-element-4a6043e elementor-section-boxed elementor-section-height-default elementor-section-height-default\" data-id=\"4a6043e\" data-element_type=\"section\">\n\t\t\t\t\t\t<div class=\"elementor-container elementor-column-gap-default\">\n\t\t\t\t\t<div class=\"elementor-column elementor-col-100 elementor-top-column elementor-element elementor-element-7efc30a\" data-id=\"7efc30a\" data-element_type=\"column\">\n\t\t\t<div class=\"elementor-widget-wrap elementor-element-populated\">\n\t\t\t\t\t\t<div class=\"elementor-element elementor-element-2151ac2 elementor-widget elementor-widget-spacer\" data-id=\"2151ac2\" data-element_type=\"widget\" data-widget_type=\"spacer.default\">\n\t\t\t\t<div class=\"elementor-widget-container\">\n\t\t\t\t\t\t\t<div class=\"elementor-spacer\">\n\t\t\t<div class=\"elementor-spacer-inner\"><\/div>\n\t\t<\/div>\n\t\t\t\t\t\t<\/div>\n\t\t\t\t<\/div>\n\t\t\t\t<div class=\"elementor-element elementor-element-e05404f elementor-view-default elementor-widget elementor-widget-icon\" data-id=\"e05404f\" data-element_type=\"widget\" data-widget_type=\"icon.default\">\n\t\t\t\t<div class=\"elementor-widget-container\">\n\t\t\t\t\t\t\t<div class=\"elementor-icon-wrapper\">\n\t\t\t<div class=\"elementor-icon\">\n\t\t\t<i aria-hidden=\"true\" class=\"fas fa-pencil-alt\"><\/i>\t\t\t<\/div>\n\t\t<\/div>\n\t\t\t\t\t\t<\/div>\n\t\t\t\t<\/div>\n\t\t\t\t<div class=\"elementor-element elementor-element-a754c7f elementor-widget elementor-widget-heading\" data-id=\"a754c7f\" data-element_type=\"widget\" data-widget_type=\"heading.default\">\n\t\t\t\t<div class=\"elementor-widget-container\">\n\t\t\t\t\t<h2 class=\"elementor-heading-title elementor-size-default\">Gestion de journal<\/h2>\t\t\t\t<\/div>\n\t\t\t\t<\/div>\n\t\t\t\t<div class=\"elementor-element elementor-element-6b4a3dd elementor-widget elementor-widget-spacer\" data-id=\"6b4a3dd\" data-element_type=\"widget\" data-widget_type=\"spacer.default\">\n\t\t\t\t<div class=\"elementor-widget-container\">\n\t\t\t\t\t\t\t<div class=\"elementor-spacer\">\n\t\t\t<div class=\"elementor-spacer-inner\"><\/div>\n\t\t<\/div>\n\t\t\t\t\t\t<\/div>\n\t\t\t\t<\/div>\n\t\t\t\t\t<\/div>\n\t\t<\/div>\n\t\t\t\t\t<\/div>\n\t\t<\/section>\n\t\t\t\t<section class=\"elementor-section elementor-top-section elementor-element elementor-element-583428b elementor-section-boxed elementor-section-height-default elementor-section-height-default\" data-id=\"583428b\" data-element_type=\"section\">\n\t\t\t\t\t\t<div class=\"elementor-container elementor-column-gap-default\">\n\t\t\t\t\t<div class=\"elementor-column elementor-col-100 elementor-top-column elementor-element elementor-element-092971b\" data-id=\"092971b\" data-element_type=\"column\">\n\t\t\t<div class=\"elementor-widget-wrap elementor-element-populated\">\n\t\t\t\t\t\t<div class=\"elementor-element elementor-element-3dd93cf elementor-widget elementor-widget-text-editor\" data-id=\"3dd93cf\" data-element_type=\"widget\" data-widget_type=\"text-editor.default\">\n\t\t\t\t<div class=\"elementor-widget-container\">\n\t\t\t\t\t\t\t\t\tCette option vous donne acc\u00e8s aux outils de gestion du module Journal pour suivre l\u2019ach\u00e8vement du journal du participant et le statut du journal; utiliser les rapports, les options d\u2019extraction de donn\u00e9es et le g\u00e9n\u00e9rateur de rapports (rapports et r\u00e9sultats personnalis\u00e9s); et configurer les invitations, les rappels, la page d\u2019accueil et autres pages.\t\t\t\t\t\t\t\t<\/div>\n\t\t\t\t<\/div>\n\t\t\t\t\t<\/div>\n\t\t<\/div>\n\t\t\t\t\t<\/div>\n\t\t<\/section>\n\t\t\t\t<\/div>\n\t\t","protected":false},"excerpt":{"rendered":"<p>COLLECTEZ LES DONN\u00c9ES DIRECTEMENT DES PATIENTS AU BON MOMENT Am\u00e9liorez l&rsquo;engagement des patients et simplifiez la collecte des donn\u00e9es du journal en utilisant l&rsquo;interface Web intuitive. Journal AM\u00c9LIORE L&rsquo;ENGAGEMENT DES PATIENTS ET LA QUALIT\u00c9 DES DONN\u00c9ES Notre journal est un module \u00e9lectronique d&rsquo;\u00e9valuation des r\u00e9sultats cliniques (eCOA) qui prend en charge la cr\u00e9ation de journaux&#8230; <\/p>\n<div class=\"clear\"><\/div>\n<p><a href=\"https:\/\/www.dacimasoftware.com\/fr\/produits\/journal\/\" class=\"excerpt-read-more\">Read More<\/a><\/p>\n","protected":false},"author":1,"featured_media":0,"parent":4514,"menu_order":0,"comment_status":"closed","ping_status":"closed","template":"","meta":{"inline_featured_image":false,"footnotes":""},"class_list":["post-12289","page","type-page","status-publish","hentry"],"aioseo_notices":[],"_links":{"self":[{"href":"https:\/\/www.dacimasoftware.com\/fr\/wp-json\/wp\/v2\/pages\/12289","targetHints":{"allow":["GET"]}}],"collection":[{"href":"https:\/\/www.dacimasoftware.com\/fr\/wp-json\/wp\/v2\/pages"}],"about":[{"href":"https:\/\/www.dacimasoftware.com\/fr\/wp-json\/wp\/v2\/types\/page"}],"author":[{"embeddable":true,"href":"https:\/\/www.dacimasoftware.com\/fr\/wp-json\/wp\/v2\/users\/1"}],"replies":[{"embeddable":true,"href":"https:\/\/www.dacimasoftware.com\/fr\/wp-json\/wp\/v2\/comments?post=12289"}],"version-history":[{"count":7,"href":"https:\/\/www.dacimasoftware.com\/fr\/wp-json\/wp\/v2\/pages\/12289\/revisions"}],"predecessor-version":[{"id":12486,"href":"https:\/\/www.dacimasoftware.com\/fr\/wp-json\/wp\/v2\/pages\/12289\/revisions\/12486"}],"up":[{"embeddable":true,"href":"https:\/\/www.dacimasoftware.com\/fr\/wp-json\/wp\/v2\/pages\/4514"}],"wp:attachment":[{"href":"https:\/\/www.dacimasoftware.com\/fr\/wp-json\/wp\/v2\/media?parent=12289"}],"curies":[{"name":"wp","href":"https:\/\/api.w.org\/{rel}","templated":true}]}}