{"id":12316,"date":"2019-09-24T11:39:17","date_gmt":"2019-09-24T15:39:17","guid":{"rendered":"https:\/\/www.dacimasoftware.com\/produits\/supply-management\/"},"modified":"2023-03-19T23:19:34","modified_gmt":"2023-03-20T03:19:34","slug":"gestion-medicament","status":"publish","type":"page","link":"https:\/\/www.dacimasoftware.com\/fr\/produits\/gestion-medicament\/","title":{"rendered":"Gestion des m\u00e9dicaments"},"content":{"rendered":"\t\t<div data-elementor-type=\"wp-page\" data-elementor-id=\"12316\" class=\"elementor elementor-12316 elementor-6982\" data-elementor-post-type=\"page\">\n\t\t\t\t\t\t<section class=\"elementor-section elementor-top-section elementor-element elementor-element-c32d8ce elementor-section-boxed elementor-section-height-default elementor-section-height-default\" data-id=\"c32d8ce\" data-element_type=\"section\">\n\t\t\t\t\t\t<div class=\"elementor-container elementor-column-gap-default\">\n\t\t\t\t\t<div class=\"elementor-column elementor-col-66 elementor-top-column elementor-element elementor-element-d1e3368\" data-id=\"d1e3368\" data-element_type=\"column\">\n\t\t\t<div class=\"elementor-widget-wrap elementor-element-populated\">\n\t\t\t\t\t\t<div class=\"elementor-element elementor-element-da50d79 elementor-widget elementor-widget-image\" data-id=\"da50d79\" data-element_type=\"widget\" data-widget_type=\"image.default\">\n\t\t\t\t<div class=\"elementor-widget-container\">\n\t\t\t\t\t\t\t\t\t\t\t\t\t\t\t<img decoding=\"async\" src=\"https:\/\/www.dacimasoftware.com\/wordpress\/wp-content\/uploads\/elementor\/thumbs\/Evidence_DDL_Drug_Device_Logistics-qdzd3dtrhwpwu5l4yjud9hafoxdugw4l7pmdp3x6qk.png\" title=\"Evidence_DDL_Drug_Device_Logistics\" alt=\"Evidence_DDL_Drug_Device_Logistics\" loading=\"lazy\" \/>\t\t\t\t\t\t\t\t\t\t\t\t\t\t\t<\/div>\n\t\t\t\t<\/div>\n\t\t\t\t<div class=\"elementor-element elementor-element-489a408 elementor-widget elementor-widget-spacer\" data-id=\"489a408\" data-element_type=\"widget\" data-widget_type=\"spacer.default\">\n\t\t\t\t<div class=\"elementor-widget-container\">\n\t\t\t\t\t\t\t<div class=\"elementor-spacer\">\n\t\t\t<div class=\"elementor-spacer-inner\"><\/div>\n\t\t<\/div>\n\t\t\t\t\t\t<\/div>\n\t\t\t\t<\/div>\n\t\t\t\t<div class=\"elementor-element elementor-element-c4588ea elementor-widget elementor-widget-heading\" data-id=\"c4588ea\" data-element_type=\"widget\" data-widget_type=\"heading.default\">\n\t\t\t\t<div class=\"elementor-widget-container\">\n\t\t\t\t\t<h1 class=\"elementor-heading-title elementor-size-default\">GESTION ET ALLOCATION DES M\u00c9DICAMENTS<\/h1>\t\t\t\t<\/div>\n\t\t\t\t<\/div>\n\t\t\t\t<div class=\"elementor-element elementor-element-60a8f3d elementor-widget elementor-widget-spacer\" data-id=\"60a8f3d\" data-element_type=\"widget\" data-widget_type=\"spacer.default\">\n\t\t\t\t<div class=\"elementor-widget-container\">\n\t\t\t\t\t\t\t<div class=\"elementor-spacer\">\n\t\t\t<div class=\"elementor-spacer-inner\"><\/div>\n\t\t<\/div>\n\t\t\t\t\t\t<\/div>\n\t\t\t\t<\/div>\n\t\t\t\t<div class=\"elementor-element elementor-element-01a55a4 elementor-widget elementor-widget-text-editor\" data-id=\"01a55a4\" data-element_type=\"widget\" data-widget_type=\"text-editor.default\">\n\t\t\t\t<div class=\"elementor-widget-container\">\n\t\t\t\t\t\t\t\t\t<p>Logiciel d&rsquo;approvisionnement Web avanc\u00e9 pour les essais cliniques qui prend en charge la distribution de m\u00e9dicaments ou de dispositifs \u00e0 des patients randomis\u00e9s. Le logiciel s&rsquo;int\u00e8gre au module de randomisation (IWRS) de Dacima pour une distribution transparente des m\u00e9dicaments ou des dispositifs aux patients au fur et \u00e0 mesure qu&rsquo;ils sont randomis\u00e9s. Gr\u00e2ce \u00e0 ses fonctionnalit\u00e9s avanc\u00e9es de gestion des stocks, le logiciel g\u00e8re les r\u00e9approvisionnements des patients et assure le maintien des niveaux de stock des sites.<\/p>\t\t\t\t\t\t\t\t<\/div>\n\t\t\t\t<\/div>\n\t\t\t\t\t<\/div>\n\t\t<\/div>\n\t\t\t\t<div class=\"elementor-column elementor-col-33 elementor-top-column elementor-element elementor-element-b16d479\" data-id=\"b16d479\" data-element_type=\"column\">\n\t\t\t<div class=\"elementor-widget-wrap elementor-element-populated\">\n\t\t\t\t\t\t<div class=\"elementor-element elementor-element-9c9d346 elementor-widget elementor-widget-spacer\" data-id=\"9c9d346\" data-element_type=\"widget\" data-widget_type=\"spacer.default\">\n\t\t\t\t<div class=\"elementor-widget-container\">\n\t\t\t\t\t\t\t<div class=\"elementor-spacer\">\n\t\t\t<div class=\"elementor-spacer-inner\"><\/div>\n\t\t<\/div>\n\t\t\t\t\t\t<\/div>\n\t\t\t\t<\/div>\n\t\t\t\t<div class=\"elementor-element elementor-element-afbfa50 elementor-widget elementor-widget-image\" data-id=\"afbfa50\" data-element_type=\"widget\" data-widget_type=\"image.default\">\n\t\t\t\t<div class=\"elementor-widget-container\">\n\t\t\t\t\t\t\t\t\t\t\t\t\t\t\t<img fetchpriority=\"high\" decoding=\"async\" width=\"690\" height=\"460\" src=\"https:\/\/www.dacimasoftware.com\/wordpress\/wp-content\/uploads\/2019\/10\/dacima-supply-690x460.png\" class=\"attachment-large size-large wp-image-7135\" alt=\"\" srcset=\"https:\/\/www.dacimasoftware.com\/wordpress\/wp-content\/uploads\/2019\/10\/dacima-supply-690x460.png 690w, https:\/\/www.dacimasoftware.com\/wordpress\/wp-content\/uploads\/2019\/10\/dacima-supply-300x200.png 300w, https:\/\/www.dacimasoftware.com\/wordpress\/wp-content\/uploads\/2019\/10\/dacima-supply-71x47.png 71w, https:\/\/www.dacimasoftware.com\/wordpress\/wp-content\/uploads\/2019\/10\/dacima-supply.png 800w\" sizes=\"(max-width: 690px) 100vw, 690px\" \/>\t\t\t\t\t\t\t\t\t\t\t\t\t\t\t<\/div>\n\t\t\t\t<\/div>\n\t\t\t\t\t<\/div>\n\t\t<\/div>\n\t\t\t\t\t<\/div>\n\t\t<\/section>\n\t\t\t\t<section class=\"elementor-section elementor-top-section elementor-element elementor-element-c0f5c80 elementor-section-boxed elementor-section-height-default elementor-section-height-default\" data-id=\"c0f5c80\" data-element_type=\"section\">\n\t\t\t\t\t\t<div class=\"elementor-container elementor-column-gap-default\">\n\t\t\t\t\t<div class=\"elementor-column elementor-col-100 elementor-top-column elementor-element elementor-element-2ccdc5f\" data-id=\"2ccdc5f\" data-element_type=\"column\">\n\t\t\t<div class=\"elementor-widget-wrap elementor-element-populated\">\n\t\t\t\t\t\t<div class=\"elementor-element elementor-element-a804188 elementor-widget elementor-widget-spacer\" data-id=\"a804188\" data-element_type=\"widget\" data-widget_type=\"spacer.default\">\n\t\t\t\t<div class=\"elementor-widget-container\">\n\t\t\t\t\t\t\t<div class=\"elementor-spacer\">\n\t\t\t<div class=\"elementor-spacer-inner\"><\/div>\n\t\t<\/div>\n\t\t\t\t\t\t<\/div>\n\t\t\t\t<\/div>\n\t\t\t\t<div class=\"elementor-element elementor-element-cb31659 elementor-view-default elementor-widget elementor-widget-icon\" data-id=\"cb31659\" data-element_type=\"widget\" data-widget_type=\"icon.default\">\n\t\t\t\t<div class=\"elementor-widget-container\">\n\t\t\t\t\t\t\t<div class=\"elementor-icon-wrapper\">\n\t\t\t<div class=\"elementor-icon\">\n\t\t\t<i aria-hidden=\"true\" class=\"fas fa-tasks\"><\/i>\t\t\t<\/div>\n\t\t<\/div>\n\t\t\t\t\t\t<\/div>\n\t\t\t\t<\/div>\n\t\t\t\t<div class=\"elementor-element elementor-element-3d5c077 elementor-widget elementor-widget-heading\" data-id=\"3d5c077\" data-element_type=\"widget\" data-widget_type=\"heading.default\">\n\t\t\t\t<div class=\"elementor-widget-container\">\n\t\t\t\t\t<h2 class=\"elementor-heading-title elementor-size-default\">FONCTIONNALIT\u00c9S<\/h2>\t\t\t\t<\/div>\n\t\t\t\t<\/div>\n\t\t\t\t<div class=\"elementor-element elementor-element-dc14f89 elementor-widget elementor-widget-spacer\" data-id=\"dc14f89\" data-element_type=\"widget\" data-widget_type=\"spacer.default\">\n\t\t\t\t<div class=\"elementor-widget-container\">\n\t\t\t\t\t\t\t<div class=\"elementor-spacer\">\n\t\t\t<div class=\"elementor-spacer-inner\"><\/div>\n\t\t<\/div>\n\t\t\t\t\t\t<\/div>\n\t\t\t\t<\/div>\n\t\t\t\t<div class=\"elementor-element elementor-element-4db4395 elementor-widget elementor-widget-heading\" data-id=\"4db4395\" data-element_type=\"widget\" data-widget_type=\"heading.default\">\n\t\t\t\t<div class=\"elementor-widget-container\">\n\t\t\t\t\t<h2 class=\"elementor-heading-title elementor-size-default\">MITIGER LES RISQUES ET CR\u00c9ER DES CONNEXIONS PLUS \u00c9TROITES<\/h2>\t\t\t\t<\/div>\n\t\t\t\t<\/div>\n\t\t\t\t<div class=\"elementor-element elementor-element-79f317d elementor-widget elementor-widget-spacer\" data-id=\"79f317d\" data-element_type=\"widget\" data-widget_type=\"spacer.default\">\n\t\t\t\t<div class=\"elementor-widget-container\">\n\t\t\t\t\t\t\t<div class=\"elementor-spacer\">\n\t\t\t<div class=\"elementor-spacer-inner\"><\/div>\n\t\t<\/div>\n\t\t\t\t\t\t<\/div>\n\t\t\t\t<\/div>\n\t\t\t\t\t<\/div>\n\t\t<\/div>\n\t\t\t\t\t<\/div>\n\t\t<\/section>\n\t\t\t\t<section class=\"elementor-section elementor-top-section elementor-element elementor-element-fdfb539 elementor-section-boxed elementor-section-height-default elementor-section-height-default\" data-id=\"fdfb539\" data-element_type=\"section\">\n\t\t\t\t\t\t<div class=\"elementor-container elementor-column-gap-default\">\n\t\t\t\t\t<div class=\"elementor-column elementor-col-50 elementor-top-column elementor-element elementor-element-6aba8bd\" data-id=\"6aba8bd\" data-element_type=\"column\">\n\t\t\t<div class=\"elementor-widget-wrap elementor-element-populated\">\n\t\t\t\t\t\t<div class=\"elementor-element elementor-element-b17fdde elementor-widget elementor-widget-text-editor\" data-id=\"b17fdde\" data-element_type=\"widget\" data-widget_type=\"text-editor.default\">\n\t\t\t\t<div class=\"elementor-widget-container\">\n\t\t\t\t\t\t\t\t\t<ul><li>Interface Web facile \u00e0 utiliser<\/li><li>Alloue de mani\u00e8re transparente des flacons de m\u00e9dicaments ou des codes d&rsquo;appareils \u00e0 des bras de traitement randomis\u00e9s et maintient l\u2019insu<\/li><li>Permet au personnel de r\u00e9approvisionner les patients en traitements suppl\u00e9mentaires lors des visites de suivi d&rsquo;un simple clic de souris<\/li><li>Suit l&rsquo;historique des m\u00e9dicaments ou dispositifs allou\u00e9s (codes de distribution\/bouteille)<\/li><li>Des niveaux d&rsquo;approvisionnement personnalis\u00e9s et des valeurs de seuils de niveau de stock bas d\u00e9clencheront des demandes automatiques d&rsquo;approvisionnement en m\u00e9dicaments<\/li><li>Prend en charge les raisons\u00a0<span style=\"background-color: #f2f2f2;\">r\u00e9approvisionnement\u00a0<\/span>des m\u00e9dicaments aux patients pour la distribution initiale et pour les\u00a0<span style=\"background-color: #f2f2f2;\">distributions\u00a0<\/span>ult\u00e9rieures<\/li><li>Configuration pour un seul ou plusieurs m\u00e9dicaments par bras de traitement\u00a0<\/li><\/ul>\t\t\t\t\t\t\t\t<\/div>\n\t\t\t\t<\/div>\n\t\t\t\t\t<\/div>\n\t\t<\/div>\n\t\t\t\t<div class=\"elementor-column elementor-col-50 elementor-top-column elementor-element elementor-element-e727872\" data-id=\"e727872\" data-element_type=\"column\">\n\t\t\t<div class=\"elementor-widget-wrap elementor-element-populated\">\n\t\t\t\t\t\t<div class=\"elementor-element elementor-element-378654e elementor-widget elementor-widget-text-editor\" data-id=\"378654e\" data-element_type=\"widget\" data-widget_type=\"text-editor.default\">\n\t\t\t\t<div class=\"elementor-widget-container\">\n\t\t\t\t\t\t\t\t\t<ul><li>Suit le status des nouvelles demandes d&rsquo;envoi, d&rsquo;exp\u00e9dition et de r\u00e9ception des m\u00e9dicaments<\/li><li>Enregistre l&rsquo;historique de toutes les demandes de consignation.<\/li><li>Envoie des confirmations automatiques par e-mail aux sites et aux pharmaciens<\/li><li>Autorise l&rsquo;acc\u00e8s bas\u00e9 sur les r\u00f4les pour g\u00e9rer l\u2019insu des utilisateurs.<\/li><li>Offre le t\u00e9l\u00e9chargement et la gestion de la liste principale des codes de distribution de m\u00e9dicaments (bouteilles)<\/li><li>La gestion de la date de p\u00e9remption garantit que les m\u00e9dicaments p\u00e9rim\u00e9s ou bient\u00f4t p\u00e9rim\u00e9s ne seront pas allou\u00e9s aux patients<\/li><li>Suivi automatique d<span style=\"background-color: #f2f2f2;\">u statut<\/span>\u00a0du code de distribution (num\u00e9ro de bouteille, num\u00e9ro de kit) avec possibilit\u00e9 de mettre \u00e0 jour manuellement le statut en cas d&rsquo;inventaire endommag\u00e9 ou perdu<\/li><li>Communication des donn\u00e9es d&rsquo;approvisionnement en m\u00e9dicaments \u00e0 tout moment<\/li><\/ul>\t\t\t\t\t\t\t\t<\/div>\n\t\t\t\t<\/div>\n\t\t\t\t\t<\/div>\n\t\t<\/div>\n\t\t\t\t\t<\/div>\n\t\t<\/section>\n\t\t\t\t<\/div>\n\t\t","protected":false},"excerpt":{"rendered":"<p>GESTION ET ALLOCATION DES M\u00c9DICAMENTS Logiciel d&rsquo;approvisionnement Web avanc\u00e9 pour les essais cliniques qui prend en charge la distribution de m\u00e9dicaments ou de dispositifs \u00e0 des patients randomis\u00e9s. Le logiciel s&rsquo;int\u00e8gre au module de randomisation (IWRS) de Dacima pour une distribution transparente des m\u00e9dicaments ou des dispositifs aux patients au fur et \u00e0 mesure qu&rsquo;ils&#8230; <\/p>\n<div class=\"clear\"><\/div>\n<p><a href=\"https:\/\/www.dacimasoftware.com\/fr\/produits\/gestion-medicament\/\" class=\"excerpt-read-more\">Read More<\/a><\/p>\n","protected":false},"author":1,"featured_media":0,"parent":4514,"menu_order":0,"comment_status":"closed","ping_status":"closed","template":"","meta":{"inline_featured_image":false,"footnotes":""},"class_list":["post-12316","page","type-page","status-publish","hentry"],"aioseo_notices":[],"_links":{"self":[{"href":"https:\/\/www.dacimasoftware.com\/fr\/wp-json\/wp\/v2\/pages\/12316","targetHints":{"allow":["GET"]}}],"collection":[{"href":"https:\/\/www.dacimasoftware.com\/fr\/wp-json\/wp\/v2\/pages"}],"about":[{"href":"https:\/\/www.dacimasoftware.com\/fr\/wp-json\/wp\/v2\/types\/page"}],"author":[{"embeddable":true,"href":"https:\/\/www.dacimasoftware.com\/fr\/wp-json\/wp\/v2\/users\/1"}],"replies":[{"embeddable":true,"href":"https:\/\/www.dacimasoftware.com\/fr\/wp-json\/wp\/v2\/comments?post=12316"}],"version-history":[{"count":7,"href":"https:\/\/www.dacimasoftware.com\/fr\/wp-json\/wp\/v2\/pages\/12316\/revisions"}],"predecessor-version":[{"id":12483,"href":"https:\/\/www.dacimasoftware.com\/fr\/wp-json\/wp\/v2\/pages\/12316\/revisions\/12483"}],"up":[{"embeddable":true,"href":"https:\/\/www.dacimasoftware.com\/fr\/wp-json\/wp\/v2\/pages\/4514"}],"wp:attachment":[{"href":"https:\/\/www.dacimasoftware.com\/fr\/wp-json\/wp\/v2\/media?parent=12316"}],"curies":[{"name":"wp","href":"https:\/\/api.w.org\/{rel}","templated":true}]}}