{"id":12324,"date":"2019-11-19T13:15:50","date_gmt":"2019-11-19T18:15:50","guid":{"rendered":"https:\/\/www.dacimasoftware.com\/privacy-policy\/"},"modified":"2026-02-18T21:19:52","modified_gmt":"2026-02-19T02:19:52","slug":"politique-confidentialite","status":"publish","type":"page","link":"https:\/\/www.dacimasoftware.com\/fr\/politique-confidentialite\/","title":{"rendered":"Politique de confidentialit\u00e9"},"content":{"rendered":"<h1>1. Objectif<\/h1>\n<p>Le but de cette politique est de fournir une description de la politique et des proc\u00e9dures de confidentialit\u00e9 et de s\u00e9curit\u00e9 de Dacima.<\/p>\n<h1>2. Port\u00e9e<\/h1>\n<p>Cette politique s&rsquo;applique \u00e0 tous les employ\u00e9s de Dacima, y compris les dirigeants, et aux membres du conseil d&rsquo;administration de Dacima.<\/p>\n<h1>3. D\u00e9finition<\/h1>\n<p>D\u00e9finition des informations personnelles: Les informations personnelles sont (1) toutes les donn\u00e9es non publiques qui (2) identifient ou peuvent identifier une personne, comme en sont \u00e9nonc\u00e9s en vertu du R\u00e8glement g\u00e9n\u00e9ral sur la protection des donn\u00e9es (RGPD), de la Health Insurance Portability and Accountability Act Privacy Rule (HIPAA) R\u00e8gle, ou toute loi ou tout r\u00e8glement successeur.<\/p>\n<h1>4. Politique de confidentialit\u00e9<\/h1>\n<p>Dacima Software, Inc. s&rsquo;engage \u00e0 prot\u00e9ger la confidentialit\u00e9 (a) des personnes qui visitent nos sites Web, et (b) des personnes qui utilisent notre plate-forme ou notre application (y compris des individus sur lesquels notre plate-forme ou nos applications capturent des informations) (donn\u00e9es clients, discut\u00e9es dessous). Nous avons cr\u00e9\u00e9 cette politique de confidentialit\u00e9 pour expliquer les informations personnelles que nous collectons, comment nous les prot\u00e9geons, avec qui nous les partageons et vos choix concernant vos informations personnelles. Si vous avez des questions concernant cette politique de confidentialit\u00e9, veuillez contacter Dacima. Si vous avez des questions sur nos sites Web, veuillez consulter nos coordonn\u00e9es du service marketing ci-dessous.<\/p>\n<h2>4.1 Personnes qui visitent notre site Web<\/h2>\n<h3>4.1.1 Quelles informations nous collectons et comment nous utilisons ces informations<\/h3>\n<p><strong>Coordonn\u00e9es<\/strong> \u2013 Certaines pages de notre site Web demandent ou n\u00e9cessitent des informations de contact et d&rsquo;autres informations.<\/p>\n<p><strong>Adresse IP (Internet Protocol)<\/strong> \u2013 Nous pouvons collecter une adresse IP aupr\u00e8s des visiteurs de nos sites. Nous pouvons utiliser l&rsquo;adresse IP pour aider \u00e0 diagnostiquer les probl\u00e8mes avec notre ou nos serveurs, pour administrer nos sites Web et pour surveiller les activit\u00e9s et les interactions avec nos sites Web, les pr\u00e9f\u00e9rences des utilisateurs et d&rsquo;autres informations informatiques et de connexion relatives \u00e0 votre utilisation de nos sites. Nous pouvons \u00e9galement utiliser des fichiers journaux, des cookies et des technologies similaires pour collecter des informations sur les pages que vous consultez, les liens sur lesquels vous cliquez et d&rsquo;autres actions que vous pouvez effectuer lors de l&rsquo;acc\u00e8s \u00e0 nos sites.<\/p>\n<p><strong>Utilisation et partage des informations personnelles des visiteurs<\/strong> \u2013 Dacima utilise les informations personnelles que nous collectons aupr\u00e8s des visiteurs de notre site Web :<\/p>\n<ul>\n<li>pour vous contacter dans le cadre de votre inscription ou de votre utilisation du site ou de nos produits ou services;<\/li>\n<li>vous contacter en r\u00e9ponse \u00e0 vos demandes, commentaires et suggestions;<\/li>\n<li>pour vous contacter autrement si n\u00e9cessaire;<\/li>\n<li>Dans le but sp\u00e9cifique pour lequel il a \u00e9t\u00e9 volontaire;<\/li>\n<li>demander votre participation \u00e0 de br\u00e8ves enqu\u00eates;<\/li>\n<li>pour effectuer les achats ou autres transactions que vous pouvez effectuer;<\/li>\n<li>pour vous informer des mises \u00e0 jour, des promotions, des offres sp\u00e9ciales, etc., concernant les produits et services fournis par nous ou nos affili\u00e9s ou partenaires;<\/li>\n<li>\u00e0 fournir \u00e0 nos affili\u00e9s ou \u00e0 des tiers (par exemple, processeurs de donn\u00e9es ou autres fournisseurs de services) en relation avec nos fins commerciales l\u00e9gitimes;<\/li>\n<li>g\u00e9n\u00e9rer des \u00e9tudes statistiques agr\u00e9g\u00e9es;<\/li>\n<li>Comme vous le d\u00e9crit plus en d\u00e9tail lorsque nous collectons les informations;<\/li>\n<li>comme l&rsquo;exige la loi ou la r\u00e9glementation, ou comme demand\u00e9 par les autorit\u00e9s gouvernementales;<\/li>\n<li>Dans le cadre d&rsquo;une acquisition, d&rsquo;une fusion, d&rsquo;une vente ou d&rsquo;un autre transfert de tous ou de la quasi-totalit\u00e9 de notre entreprise ou de notre partie; et<\/li>\n<li>\u00c0 nos autres fins commerciales.<\/li>\n<\/ul>\n<p>Dacima ne partage, ne vend, ne loue pas ou ne n\u00e9gocie pas vos informations personnelles collect\u00e9es via nos sites avec des tiers \u00e0 leurs seuls fins promotionnels sans votre consentement expr\u00e8s. Comme indiqu\u00e9 ci-dessus, Dacima peut partager vos informations personnelles avec des fournisseurs de services tiers contract\u00e9s par nous pour fournir des services en notre nom; Ces fournisseurs ne peuvent utiliser que des informations que nous leur fournissons comme indiqu\u00e9 par nous.<\/p>\n<h2>4.2 Acc\u00e8s, choix et refus<\/h2>\n<p>Les visiteurs du site Web, \u00e0 tout moment, peuvent se \u00ab\u00a0retirer\u00a0\u00bb de recevoir des communications de nous li\u00e9es \u00e0 nos produits et services ou pour demander la suppression de leurs coordonn\u00e9es de notre base de donn\u00e9es en nous \u00e9crivant. Cependant, Dacima ne peut retirer aucune divulgation ant\u00e9rieure faite avec votre autorisation, et nous nous r\u00e9servons le droit de conserver et de divulguer vos informations comme autoris\u00e9e ou requise par la loi ou la r\u00e9glementation.<\/p>\n<h2>4.3 Personnes utilisant nos applications (donn\u00e9es clients)<\/h2>\n<p>Dans le cadre de la plate-forme de capture \u00e9lectronique de donn\u00e9es de Dacima, des applications et des services, les employ\u00e9s de nos clients et les utilisateurs autoris\u00e9s peuvent saisir des informations personnelles, y compris les informations personnelles de ou sur leurs utilisateurs, employ\u00e9s et sujets autoris\u00e9s (ensemble, \u00ab\u00a0donn\u00e9es client\u00a0\u00bb), dans nos serveurs.<\/p>\n<p>DACIMA traite les donn\u00e9es des clients comme indiqu\u00e9 par nos clients et n&rsquo;a aucun contr\u00f4le ou propri\u00e9t\u00e9 directe des informations personnelles informatiques. Nos clients sont responsables de la conformit\u00e9 des r\u00e9glementations ou des lois concernant le pr\u00e9avis, la divulgation ou l&rsquo;obtention du consentement avant de transf\u00e9rer les donn\u00e9es \u00e0 Dacima \u00e0 des fins de traitement.<\/p>\n<p>Dacima ne partagera ni ne distribuera les donn\u00e9es des clients, sauf dans les cas pr\u00e9vus des accords contractuels entre DACIMA et nos clients. Ces accords peuvent fournir \u00e0 Dacima les droits de traitement ou d&rsquo;utilisation d&rsquo;informations personnelles \u00e0 des fins commerciales de Dacima, notamment la fourniture ou le d\u00e9veloppement de la plate-forme et des applications DACIMA, la pr\u00e9vention ou la r\u00e9solution des probl\u00e8mes de service, des probl\u00e8mes de support ou techniques, en r\u00e9pondant aux instructions de nos clients, ou comme cela peut \u00eatre n\u00e9cessaire par la loi.<\/p>\n<h1>5. S\u00e9curit\u00e9<\/h1>\n<h2>5.1 S\u00e9curit\u00e9 physique des serveurs<\/h2>\n<p>Les donn\u00e9es pour la version Internet de la plate-forme de gestion des donn\u00e9es de Dacima Software sont stock\u00e9es dans une installation de donn\u00e9es s\u00e9curis\u00e9e. Diverses mesures sont en vigueur pour garantir la s\u00e9curit\u00e9 des donn\u00e9es stock\u00e9es, notamment:<\/p>\n<ul>\n<li>Les locaux sont situ\u00e9s dans un immeuble dont l&rsquo;acc\u00e8s est prot\u00e9g\u00e9 et sous surveillance permanente (cam\u00e9ras de vid\u00e9osurveillance).<\/li>\n<li>Les locaux sont eux-m\u00eames prot\u00e9g\u00e9s de mani\u00e8re ind\u00e9pendante et sous t\u00e9l\u00e9surveillance (cam\u00e9ras, d\u00e9tections de mouvement).<\/li>\n<li>Des alarmes locales et \u00e0 distance sont en place pour :\n<ul>\n<li>Augmentation de la temp\u00e9rature,<\/li>\n<li>D\u00e9tection de fum\u00e9e,<\/li>\n<li>Coupures de courant,<\/li>\n<li>Cambriolages.<\/li>\n<\/ul>\n<\/li>\n<\/ul>\n<p>Les serveurs sont situ\u00e9s dans une pi\u00e8ce isol\u00e9e, dans des cages verrouill\u00e9es, avec un syst\u00e8me de protection ind\u00e9pendant. La temp\u00e9rature de cette pi\u00e8ce est \u00e9troitement surveill\u00e9e et climatis\u00e9e avec un syst\u00e8me ind\u00e9pendant. Il existe un syst\u00e8me de sauvegarde en cas de d\u00e9faillance du syst\u00e8me.<\/p>\n<p>Les serveurs ont une alimentation prot\u00e9g\u00e9e avec 72 heures d&rsquo;alimentation imm\u00e9diate de batterie de secours. En cas de panne de courant, un g\u00e9n\u00e9rateur d\u00e9marre automatiquement et une alarme distante s&rsquo;active.<\/p>\n<p>Le support technique est continuellement disponible pour r\u00e9pondre aux alertes. L&rsquo;\u00e9quipe d&rsquo;assistance aide \u00e0 reprendre les activit\u00e9s en cas d&rsquo;une d\u00e9faillance prolong\u00e9e de l&rsquo;alimentation et intervient en cas de d\u00e9faillance logicielle. Un g\u00e9n\u00e9rateur diesel fournit une source de courant alternative.<\/p>\n<h4>Gestion du serveur<\/h4>\n<p>Les processus de gestion de serveur suivants sont en place pour prot\u00e9ger la confidentialit\u00e9 des donn\u00e9es stock\u00e9es sur les serveurs s\u00e9curis\u00e9s :<\/p>\n<ul>\n<li>Pare-feu d\u00e9di\u00e9<\/li>\n<li>Services de sauvegarde de secours<\/li>\n<li>Protection antivirus<\/li>\n<li>Gestion des correctifs du syst\u00e8me d&rsquo;exploitation<\/li>\n<\/ul>\n<h4>S\u00e9curit\u00e9 Internet<\/h4>\n<p>Les serveurs sont \u00e9galement prot\u00e9g\u00e9s par un acc\u00e8s restreint. Seuls les utilisateurs autoris\u00e9s peuvent acc\u00e9der aux serveurs. Les serveurs de base de donn\u00e9es sont s\u00e9par\u00e9s des serveurs Web.<\/p>\n<h4>S\u00e9curit\u00e9 des donn\u00e9es<\/h4>\n<p>L&rsquo;acte HITECH n\u00e9cessite une accessibilit\u00e9 priv\u00e9e chaque fois que vous ou vos patients le demandez. En tant qu&rsquo;op\u00e9rateur de centre de donn\u00e9es g\u00e9r\u00e9, la technologie en ligne n&rsquo;acc\u00e8de jamais \u00e0 vos donn\u00e9es sensibles; Nous fournissons uniquement une infrastructure s\u00e9curis\u00e9e et un h\u00e9bergement \u00e0 haute disponibilit\u00e9 avec des installations HIPAA audit\u00e9es.<\/p>\n<p><strong>Personnel qualifi\u00e9<\/strong><\/p>\n<p>Les employ\u00e9s sont form\u00e9s pour comprendre et suivre les normes et l&rsquo;importance de prot\u00e9ger les informations sensibles.<\/p>\n<h3>5.1.1 S\u00e9curit\u00e9 num\u00e9rique<\/h3>\n<h4>Confidentialit\u00e9 des donn\u00e9es<\/h4>\n<p>Le logiciel DACIMA utilise plusieurs serveurs et pare-feu pour assurer une s\u00e9curit\u00e9 et une confidentialit\u00e9 maximales des donn\u00e9es cliniques. Les serveurs redondants garantissent que le temps d&rsquo;arr\u00eat en raison de la d\u00e9faillance d&rsquo;un seul serveur est minimis\u00e9.<\/p>\n<h4>Int\u00e9grit\u00e9 des donn\u00e9es<\/h4>\n<p>Le logiciel DACIMA garantit que les donn\u00e9es cliniques captur\u00e9es seront conserv\u00e9es et transmises sans transformation ni alt\u00e9ration:<\/p>\n<ul>\n<li>Encryptions des donn\u00e9es transmises entre le syst\u00e8me informatique des chercheurs et celui du logiciel DACIMA<\/li>\n<li>Surveillance quotidienne des transactions entre les utilisateurs et le syst\u00e8me informatique.<\/li>\n<li>Surveillance du syst\u00e8me et correction des logiciels et anomalies mat\u00e9rielles, si n\u00e9cessaire<\/li>\n<li>Installation et mise \u00e0 jour des logiciels antivirus sur les serveurs pour emp\u00eacher les virus de modifier les donn\u00e9es.<\/li>\n<\/ul>\n<h4>Authentification d&rsquo;utilisateur<\/h4>\n<p>L&rsquo;authentification des utilisateurs de l&rsquo;application clinique de gestion des donn\u00e9es est utilis\u00e9e pour v\u00e9rifier l&rsquo;identit\u00e9 d&rsquo;un utilisateur et garantir l&rsquo;origine et l&rsquo;int\u00e9grit\u00e9 des donn\u00e9es saisies dans les syst\u00e8mes informatiques logiciels DACIMA.<\/p>\n<p>L&rsquo;acc\u00e8s \u00e0 l&rsquo;application de saisie de donn\u00e9es CRF n&rsquo;est autoris\u00e9 que via un nom d&rsquo;utilisateur et un mot de passe. Le mot de passe est cr\u00e9\u00e9 par l&rsquo;utilisateur et doit \u00eatre conforme aux exigences de complexit\u00e9 du logiciel.<\/p>\n<p>Remarque: Le client est charg\u00e9 de s&rsquo;assurer qu&rsquo;une strat\u00e9gie de nom d&rsquo;utilisateur et de mot de passe est en place et que les utilisateurs savent que les noms d&rsquo;utilisateur et les mots de passe ne doivent pas \u00eatre partag\u00e9s.<\/p>\n<p>Les donn\u00e9es sont transmises sur une connexion Web SSL crypt\u00e9e s\u00e9curis\u00e9e.<\/p>\n<p><strong>Responsable de la protection des donn\u00e9es <\/strong><\/p>\n<p>Vous pouvez rejoindre le responsable de la protection des donn\u00e9es de Dacima Software au\u00a0:<\/p>\n<p>krupna LEGAL<br \/>\nDr Karsten Krupna<br \/>\nSuis Sandtorkai 77<br \/>\n20457 Hambourg<\/p>\n<p>T\u00e9l\u00e9phone : +49 (0) 40 31976927<br \/>\nCourriel : <a href=\"mailto:dpo@evidentiq.com\">dpo@evidentiq.com <\/a><\/p>\n<p><strong>Vos droits<\/strong><\/p>\n<p>Dans le cadre des exigences l\u00e9gales, vous avez une r\u00e9clamation fondamentale contre Dacima Software pour\u00a0:<\/p>\n<ul>\n<li>La confirmation si les donn\u00e9es personnelles vous concernant sont trait\u00e9es par Dacima Software,<\/li>\n<li>Des informations sur ces donn\u00e9es et les circonstances du traitement, et de la correction, si ces donn\u00e9es sont incorrectes,<\/li>\n<li>La suppression, \u00e0 moins que le traitement ne soit justifi\u00e9 et qu&rsquo;il n&rsquo;y a pas ou plus d\u2019obligation de conserver les donn\u00e9es,<\/li>\n<li>La restriction du traitement dans des cas sp\u00e9ciaux d\u00e9termin\u00e9s par la loi,<\/li>\n<li>L\u2019objection, en cas de traitement des donn\u00e9es, sur la base de l&rsquo;art. 6 para 1 phrase 1 lit. F du RGPD et<\/li>\n<li>La transmission de vos donn\u00e9es personnelles\u2014si vous les avez fournies\u2014\u00e0 vous ou \u00e0 un tiers dans un format structur\u00e9, commun et lisible par machine.<\/li>\n<\/ul>\n<p>Dans la mesure o\u00f9 le traitement de vos donn\u00e9es personnelles est bas\u00e9 sur votre consentement, vous avez le droit de r\u00e9voquer ce consentement \u00e0 tout moment, avec les cons\u00e9quences que le traitement de vos donn\u00e9es personnelles deviendra inadmissible pour l&rsquo;avenir. Cependant, cela n&rsquo;affecte pas la l\u00e9galit\u00e9 du traitement effectu\u00e9 sur la base du consentement jusqu&rsquo;au point de r\u00e9vocation.<\/p>\n<p>Veuillez envoyer vos demandes par \u00e9crit, par courrier ou par courriel, \u00e0 notre responsable de la protection des donn\u00e9es (voir la section \u00ab\u00a0Responsable de la protection des donn\u00e9es\u00a0\u00bb ci-dessus), en vous identifiant clairement et en indiquant \u00ab\u00a0droits de protection de la vie priv\u00e9e\u00a0\u00bb dans le champ \u00ab\u00a0Objet\u00a0\u00bb de votre demande.<\/p>\n<p>Dans la mesure o\u00f9 nous traitons vos donn\u00e9es dans le contr\u00f4le conjoint avec des tiers au sens de l&rsquo;art. 26 du RGPD (voir section 8.2), le tiers est responsable de l&rsquo;exercice de tous les droits des personnes concern\u00e9es. Cependant, vous \u00eates \u00e9galement libre d&rsquo;affirmer vos droits contre nous.<\/p>\n<p>Enfin, nous aimerions attirer votre attention sur votre droit d&rsquo;appel \u00e0 l&rsquo;autorit\u00e9 de surveillance.<\/p>\n","protected":false},"excerpt":{"rendered":"<p>1. Objectif Le but de cette politique est de fournir une description de la politique et des proc\u00e9dures de confidentialit\u00e9 et de s\u00e9curit\u00e9 de Dacima. 2. Port\u00e9e Cette politique s&rsquo;applique \u00e0 tous les employ\u00e9s de Dacima, y compris les dirigeants, et aux membres du conseil d&rsquo;administration de Dacima. 3. D\u00e9finition D\u00e9finition des informations personnelles: Les&#8230; <\/p>\n<div class=\"clear\"><\/div>\n<p><a href=\"https:\/\/www.dacimasoftware.com\/fr\/politique-confidentialite\/\" class=\"excerpt-read-more\">Read More<\/a><\/p>\n","protected":false},"author":1,"featured_media":0,"parent":0,"menu_order":0,"comment_status":"closed","ping_status":"closed","template":"","meta":{"inline_featured_image":false,"footnotes":""},"class_list":["post-12324","page","type-page","status-publish","hentry"],"aioseo_notices":[],"_links":{"self":[{"href":"https:\/\/www.dacimasoftware.com\/fr\/wp-json\/wp\/v2\/pages\/12324","targetHints":{"allow":["GET"]}}],"collection":[{"href":"https:\/\/www.dacimasoftware.com\/fr\/wp-json\/wp\/v2\/pages"}],"about":[{"href":"https:\/\/www.dacimasoftware.com\/fr\/wp-json\/wp\/v2\/types\/page"}],"author":[{"embeddable":true,"href":"https:\/\/www.dacimasoftware.com\/fr\/wp-json\/wp\/v2\/users\/1"}],"replies":[{"embeddable":true,"href":"https:\/\/www.dacimasoftware.com\/fr\/wp-json\/wp\/v2\/comments?post=12324"}],"version-history":[{"count":6,"href":"https:\/\/www.dacimasoftware.com\/fr\/wp-json\/wp\/v2\/pages\/12324\/revisions"}],"predecessor-version":[{"id":12951,"href":"https:\/\/www.dacimasoftware.com\/fr\/wp-json\/wp\/v2\/pages\/12324\/revisions\/12951"}],"wp:attachment":[{"href":"https:\/\/www.dacimasoftware.com\/fr\/wp-json\/wp\/v2\/media?parent=12324"}],"curies":[{"name":"wp","href":"https:\/\/api.w.org\/{rel}","templated":true}]}}